{"id":38,"date":"2013-07-31T11:03:13","date_gmt":"2013-07-31T11:03:13","guid":{"rendered":"http:\/\/gardmenn.is\/wordpress\/?page_id=38"},"modified":"2013-08-12T13:59:59","modified_gmt":"2013-08-12T13:59:59","slug":"myndir-af-verkum","status":"publish","type":"page","link":"https:\/\/gardmenn.is\/?page_id=38","title":{"rendered":"Myndir af verkum"},"content":{"rendered":"<p>Smelli\u00f0 \u00e1 tenglana h\u00e9r til hli\u00f0ar til a\u00f0 sko\u00f0a myndir af verkum Gar\u00f0manna.<\/p>\n","protected":false},"excerpt":{"rendered":"<p>Smelli\u00f0 \u00e1 tenglana h\u00e9r til hli\u00f0ar til a\u00f0 sko\u00f0a myndir af verkum Gar\u00f0manna.<\/p>\n","protected":false},"author":1,"featured_media":0,"parent":0,"menu_order":0,"comment_status":"open","ping_status":"open","template":"","meta":[],"_links":{"self":[{"href":"https:\/\/gardmenn.is\/index.php?rest_route=\/wp\/v2\/pages\/38"}],"collection":[{"href":"https:\/\/gardmenn.is\/index.php?rest_route=\/wp\/v2\/pages"}],"about":[{"href":"https:\/\/gardmenn.is\/index.php?rest_route=\/wp\/v2\/types\/page"}],"author":[{"embeddable":true,"href":"https:\/\/gardmenn.is\/index.php?rest_route=\/wp\/v2\/users\/1"}],"replies":[{"embeddable":true,"href":"https:\/\/gardmenn.is\/index.php?rest_route=%2Fwp%2Fv2%2Fcomments&post=38"}],"version-history":[{"count":1,"href":"https:\/\/gardmenn.is\/index.php?rest_route=\/wp\/v2\/pages\/38\/revisions"}],"predecessor-version":[{"id":374,"href":"https:\/\/gardmenn.is\/index.php?rest_route=\/wp\/v2\/pages\/38\/revisions\/374"}],"wp:attachment":[{"href":"https:\/\/gardmenn.is\/index.php?rest_route=%2Fwp%2Fv2%2Fmedia&parent=38"}],"curies":[{"name":"wp","href":"https:\/\/api.w.org\/{rel}","templated":true}]}}