{"id":121,"date":"2013-07-31T14:30:32","date_gmt":"2013-07-31T14:30:32","guid":{"rendered":"http:\/\/gardmenn.is\/wordpress\/?page_id=121"},"modified":"2013-08-12T15:09:46","modified_gmt":"2013-08-12T15:09:46","slug":"beykiskogar-4","status":"publish","type":"page","link":"https:\/\/gardmenn.is\/?page_id=121","title":{"rendered":"Beykisk\u00f3gar 4"},"content":{"rendered":"<p>\u00deegar Gar\u00f0menn m\u00e6ttu a\u00f0 Beykisk\u00f3gum 4 \u00e1 Akranesi var veri\u00f0 a\u00f0 leggja lokah\u00f6nd \u00e1 byggingu ra\u00f0h\u00fasalengjunnar og l\u00f3\u00f0in a\u00f0eins gr\u00f3fj\u00f6fnu\u00f0. Eigendur h\u00fassins voru b\u00fanir a\u00f0 l\u00e1ta teikna upp l\u00f3\u00f0ina. \u00c1kve\u00f0i\u00f0 var a\u00f0 allt timburverk \u00ed l\u00f3\u00f0inni yr\u00f0i \u00far har\u00f0vi\u00f0. Hellur og kantsteinar voru fr\u00e1 BM Vall\u00e1.<\/p>\n<p>\n\t\t<style type=\"text\/css\">\n\t\t\t#gallery-1 {\n\t\t\t\tmargin: auto;\n\t\t\t}\n\t\t\t#gallery-1 .gallery-item {\n\t\t\t\tfloat: left;\n\t\t\t\tmargin-top: 10px;\n\t\t\t\ttext-align: center;\n\t\t\t\twidth: 33%;\n\t\t\t}\n\t\t\t#gallery-1 img {\n\t\t\t\tborder: 2px solid #cfcfcf;\n\t\t\t}\n\t\t\t#gallery-1 .gallery-caption {\n\t\t\t\tmargin-left: 0;\n\t\t\t}\n\t\t\t\/* see gallery_shortcode() in wp-includes\/media.php *\/\n\t\t<\/style>\n\t\t<div id='gallery-1' class='gallery galleryid-121 gallery-columns-3 gallery-size-thumbnail'><dl class='gallery-item'>\n\t\t\t<dt class='gallery-icon landscape'>\n\t\t\t\t<a href='https:\/\/gardmenn.is\/?attachment_id=158'><img width=\"150\" height=\"150\" src=\"https:\/\/gardmenn.is\/wp-content\/uploads\/2013\/07\/014-150x150.jpg\" class=\"attachment-thumbnail size-thumbnail\" alt=\"\" loading=\"lazy\" \/><\/a>\n\t\t\t<\/dt><\/dl><dl class='gallery-item'>\n\t\t\t<dt class='gallery-icon landscape'>\n\t\t\t\t<a href='https:\/\/gardmenn.is\/?attachment_id=157'><img width=\"150\" height=\"150\" src=\"https:\/\/gardmenn.is\/wp-content\/uploads\/2013\/07\/044-150x150.jpg\" class=\"attachment-thumbnail size-thumbnail\" alt=\"\" loading=\"lazy\" \/><\/a>\n\t\t\t<\/dt><\/dl><dl class='gallery-item'>\n\t\t\t<dt class='gallery-icon landscape'>\n\t\t\t\t<a href='https:\/\/gardmenn.is\/?attachment_id=156'><img width=\"150\" height=\"150\" src=\"https:\/\/gardmenn.is\/wp-content\/uploads\/2013\/07\/033-150x150.jpg\" class=\"attachment-thumbnail size-thumbnail\" alt=\"\" loading=\"lazy\" \/><\/a>\n\t\t\t<\/dt><\/dl><br style=\"clear: both\" \/><dl class='gallery-item'>\n\t\t\t<dt class='gallery-icon landscape'>\n\t\t\t\t<a href='https:\/\/gardmenn.is\/?attachment_id=155'><img width=\"150\" height=\"150\" src=\"https:\/\/gardmenn.is\/wp-content\/uploads\/2013\/07\/024-150x150.jpg\" class=\"attachment-thumbnail size-thumbnail\" alt=\"\" loading=\"lazy\" \/><\/a>\n\t\t\t<\/dt><\/dl>\n\t\t\t<br style='clear: both' \/>\n\t\t<\/div>\n<br \/>\nEins og sj\u00e1 m\u00e1 \u00feurfti a\u00f0 jar\u00f0vegskipta n\u00e6r alla bakl\u00f3\u00f0ina.<\/p>\n\n\t\t<style type=\"text\/css\">\n\t\t\t#gallery-2 {\n\t\t\t\tmargin: auto;\n\t\t\t}\n\t\t\t#gallery-2 .gallery-item {\n\t\t\t\tfloat: left;\n\t\t\t\tmargin-top: 10px;\n\t\t\t\ttext-align: center;\n\t\t\t\twidth: 33%;\n\t\t\t}\n\t\t\t#gallery-2 img {\n\t\t\t\tborder: 2px solid #cfcfcf;\n\t\t\t}\n\t\t\t#gallery-2 .gallery-caption {\n\t\t\t\tmargin-left: 0;\n\t\t\t}\n\t\t\t\/* see gallery_shortcode() in wp-includes\/media.php *\/\n\t\t<\/style>\n\t\t<div id='gallery-2' class='gallery galleryid-121 gallery-columns-3 gallery-size-thumbnail'><dl class='gallery-item'>\n\t\t\t<dt class='gallery-icon landscape'>\n\t\t\t\t<a href='https:\/\/gardmenn.is\/?attachment_id=164'><img width=\"150\" height=\"150\" src=\"https:\/\/gardmenn.is\/wp-content\/uploads\/2013\/07\/053-150x150.jpg\" class=\"attachment-thumbnail size-thumbnail\" alt=\"\" loading=\"lazy\" \/><\/a>\n\t\t\t<\/dt><\/dl><dl class='gallery-item'>\n\t\t\t<dt class='gallery-icon landscape'>\n\t\t\t\t<a href='https:\/\/gardmenn.is\/?attachment_id=162'><img width=\"150\" height=\"150\" src=\"https:\/\/gardmenn.is\/wp-content\/uploads\/2013\/07\/063-150x150.jpg\" class=\"attachment-thumbnail size-thumbnail\" alt=\"\" loading=\"lazy\" \/><\/a>\n\t\t\t<\/dt><\/dl><dl class='gallery-item'>\n\t\t\t<dt class='gallery-icon landscape'>\n\t\t\t\t<a href='https:\/\/gardmenn.is\/?attachment_id=163'><img width=\"150\" height=\"150\" src=\"https:\/\/gardmenn.is\/wp-content\/uploads\/2013\/07\/073-150x150.jpg\" class=\"attachment-thumbnail size-thumbnail\" alt=\"\" loading=\"lazy\" \/><\/a>\n\t\t\t<\/dt><\/dl><br style=\"clear: both\" \/>\n\t\t<\/div>\n\n<p>&nbsp;<\/p>\n<p>H\u00e9r m\u00e1 sj\u00e1 framl\u00f3\u00f0 h\u00fassins.<\/p>\n\n\t\t<style type=\"text\/css\">\n\t\t\t#gallery-3 {\n\t\t\t\tmargin: auto;\n\t\t\t}\n\t\t\t#gallery-3 .gallery-item {\n\t\t\t\tfloat: left;\n\t\t\t\tmargin-top: 10px;\n\t\t\t\ttext-align: center;\n\t\t\t\twidth: 33%;\n\t\t\t}\n\t\t\t#gallery-3 img {\n\t\t\t\tborder: 2px solid #cfcfcf;\n\t\t\t}\n\t\t\t#gallery-3 .gallery-caption {\n\t\t\t\tmargin-left: 0;\n\t\t\t}\n\t\t\t\/* see gallery_shortcode() in wp-includes\/media.php *\/\n\t\t<\/style>\n\t\t<div id='gallery-3' class='gallery galleryid-121 gallery-columns-3 gallery-size-thumbnail'><dl class='gallery-item'>\n\t\t\t<dt class='gallery-icon landscape'>\n\t\t\t\t<a href='https:\/\/gardmenn.is\/?attachment_id=167'><img width=\"150\" height=\"150\" src=\"https:\/\/gardmenn.is\/wp-content\/uploads\/2013\/07\/092-150x150.jpg\" class=\"attachment-thumbnail size-thumbnail\" alt=\"\" loading=\"lazy\" \/><\/a>\n\t\t\t<\/dt><\/dl><dl class='gallery-item'>\n\t\t\t<dt class='gallery-icon landscape'>\n\t\t\t\t<a href='https:\/\/gardmenn.is\/?attachment_id=168'><img width=\"150\" height=\"150\" src=\"https:\/\/gardmenn.is\/wp-content\/uploads\/2013\/07\/217-150x150.jpg\" class=\"attachment-thumbnail size-thumbnail\" alt=\"\" loading=\"lazy\" \/><\/a>\n\t\t\t<\/dt><\/dl><dl class='gallery-item'>\n\t\t\t<dt class='gallery-icon landscape'>\n\t\t\t\t<a href='https:\/\/gardmenn.is\/?attachment_id=169'><img width=\"150\" height=\"150\" src=\"https:\/\/gardmenn.is\/wp-content\/uploads\/2013\/07\/082-150x150.jpg\" class=\"attachment-thumbnail size-thumbnail\" alt=\"\" loading=\"lazy\" \/><\/a>\n\t\t\t<\/dt><\/dl><br style=\"clear: both\" \/>\n\t\t<\/div>\n\n<p>H\u00e9r m\u00e1 svo sj\u00e1 verki\u00f0 fullkl\u00e1ra\u00f0.<\/p>\n\n\t\t<style type=\"text\/css\">\n\t\t\t#gallery-4 {\n\t\t\t\tmargin: auto;\n\t\t\t}\n\t\t\t#gallery-4 .gallery-item {\n\t\t\t\tfloat: left;\n\t\t\t\tmargin-top: 10px;\n\t\t\t\ttext-align: center;\n\t\t\t\twidth: 33%;\n\t\t\t}\n\t\t\t#gallery-4 img {\n\t\t\t\tborder: 2px solid #cfcfcf;\n\t\t\t}\n\t\t\t#gallery-4 .gallery-caption {\n\t\t\t\tmargin-left: 0;\n\t\t\t}\n\t\t\t\/* see gallery_shortcode() in wp-includes\/media.php *\/\n\t\t<\/style>\n\t\t<div id='gallery-4' class='gallery galleryid-121 gallery-columns-3 gallery-size-thumbnail'><dl class='gallery-item'>\n\t\t\t<dt class='gallery-icon landscape'>\n\t\t\t\t<a href='https:\/\/gardmenn.is\/?attachment_id=192'><img width=\"150\" height=\"150\" src=\"https:\/\/gardmenn.is\/wp-content\/uploads\/2013\/07\/148-150x150.jpg\" class=\"attachment-thumbnail size-thumbnail\" alt=\"\" loading=\"lazy\" \/><\/a>\n\t\t\t<\/dt><\/dl><dl class='gallery-item'>\n\t\t\t<dt class='gallery-icon landscape'>\n\t\t\t\t<a href='https:\/\/gardmenn.is\/?attachment_id=191'><img width=\"150\" height=\"150\" src=\"https:\/\/gardmenn.is\/wp-content\/uploads\/2013\/07\/147-150x150.jpg\" class=\"attachment-thumbnail size-thumbnail\" alt=\"\" loading=\"lazy\" \/><\/a>\n\t\t\t<\/dt><\/dl><dl class='gallery-item'>\n\t\t\t<dt class='gallery-icon landscape'>\n\t\t\t\t<a href='https:\/\/gardmenn.is\/?attachment_id=190'><img width=\"150\" height=\"150\" src=\"https:\/\/gardmenn.is\/wp-content\/uploads\/2013\/07\/233-150x150.jpg\" class=\"attachment-thumbnail size-thumbnail\" alt=\"\" loading=\"lazy\" \/><\/a>\n\t\t\t<\/dt><\/dl><br style=\"clear: both\" \/><dl class='gallery-item'>\n\t\t\t<dt class='gallery-icon landscape'>\n\t\t\t\t<a href='https:\/\/gardmenn.is\/?attachment_id=189'><img width=\"150\" height=\"150\" src=\"https:\/\/gardmenn.is\/wp-content\/uploads\/2013\/07\/232-150x150.jpg\" class=\"attachment-thumbnail size-thumbnail\" alt=\"\" loading=\"lazy\" \/><\/a>\n\t\t\t<\/dt><\/dl><dl class='gallery-item'>\n\t\t\t<dt class='gallery-icon landscape'>\n\t\t\t\t<a href='https:\/\/gardmenn.is\/?attachment_id=188'><img width=\"150\" height=\"150\" src=\"https:\/\/gardmenn.is\/wp-content\/uploads\/2013\/07\/231-150x150.jpg\" class=\"attachment-thumbnail size-thumbnail\" alt=\"\" loading=\"lazy\" \/><\/a>\n\t\t\t<\/dt><\/dl><dl class='gallery-item'>\n\t\t\t<dt class='gallery-icon landscape'>\n\t\t\t\t<a href='https:\/\/gardmenn.is\/?attachment_id=187'><img width=\"150\" height=\"150\" src=\"https:\/\/gardmenn.is\/wp-content\/uploads\/2013\/07\/230-150x150.jpg\" class=\"attachment-thumbnail size-thumbnail\" alt=\"\" loading=\"lazy\" \/><\/a>\n\t\t\t<\/dt><\/dl><br style=\"clear: both\" \/><dl class='gallery-item'>\n\t\t\t<dt class='gallery-icon landscape'>\n\t\t\t\t<a href='https:\/\/gardmenn.is\/?attachment_id=186'><img width=\"150\" height=\"150\" src=\"https:\/\/gardmenn.is\/wp-content\/uploads\/2013\/07\/229-150x150.jpg\" class=\"attachment-thumbnail size-thumbnail\" alt=\"\" loading=\"lazy\" \/><\/a>\n\t\t\t<\/dt><\/dl><dl class='gallery-item'>\n\t\t\t<dt class='gallery-icon portrait'>\n\t\t\t\t<a href='https:\/\/gardmenn.is\/?attachment_id=185'><img width=\"150\" height=\"150\" src=\"https:\/\/gardmenn.is\/wp-content\/uploads\/2013\/07\/228-150x150.jpg\" class=\"attachment-thumbnail size-thumbnail\" alt=\"\" loading=\"lazy\" \/><\/a>\n\t\t\t<\/dt><\/dl><dl class='gallery-item'>\n\t\t\t<dt class='gallery-icon landscape'>\n\t\t\t\t<a href='https:\/\/gardmenn.is\/?attachment_id=184'><img width=\"150\" height=\"150\" src=\"https:\/\/gardmenn.is\/wp-content\/uploads\/2013\/07\/227-150x150.jpg\" class=\"attachment-thumbnail size-thumbnail\" alt=\"\" loading=\"lazy\" \/><\/a>\n\t\t\t<\/dt><\/dl><br style=\"clear: both\" \/><dl class='gallery-item'>\n\t\t\t<dt class='gallery-icon landscape'>\n\t\t\t\t<a href='https:\/\/gardmenn.is\/?attachment_id=183'><img width=\"150\" height=\"150\" src=\"https:\/\/gardmenn.is\/wp-content\/uploads\/2013\/07\/225-150x150.jpg\" class=\"attachment-thumbnail size-thumbnail\" alt=\"\" loading=\"lazy\" \/><\/a>\n\t\t\t<\/dt><\/dl><dl class='gallery-item'>\n\t\t\t<dt class='gallery-icon landscape'>\n\t\t\t\t<a href='https:\/\/gardmenn.is\/?attachment_id=182'><img width=\"150\" height=\"150\" src=\"https:\/\/gardmenn.is\/wp-content\/uploads\/2013\/07\/224-150x150.jpg\" class=\"attachment-thumbnail size-thumbnail\" alt=\"\" loading=\"lazy\" \/><\/a>\n\t\t\t<\/dt><\/dl><dl class='gallery-item'>\n\t\t\t<dt class='gallery-icon landscape'>\n\t\t\t\t<a href='https:\/\/gardmenn.is\/?attachment_id=181'><img width=\"150\" height=\"150\" src=\"https:\/\/gardmenn.is\/wp-content\/uploads\/2013\/07\/223-150x150.jpg\" class=\"attachment-thumbnail size-thumbnail\" alt=\"\" loading=\"lazy\" \/><\/a>\n\t\t\t<\/dt><\/dl><br style=\"clear: both\" \/><dl class='gallery-item'>\n\t\t\t<dt class='gallery-icon landscape'>\n\t\t\t\t<a href='https:\/\/gardmenn.is\/?attachment_id=180'><img width=\"150\" height=\"150\" src=\"https:\/\/gardmenn.is\/wp-content\/uploads\/2013\/07\/222-150x150.jpg\" class=\"attachment-thumbnail size-thumbnail\" alt=\"\" loading=\"lazy\" \/><\/a>\n\t\t\t<\/dt><\/dl><dl class='gallery-item'>\n\t\t\t<dt class='gallery-icon landscape'>\n\t\t\t\t<a href='https:\/\/gardmenn.is\/?attachment_id=179'><img width=\"150\" height=\"150\" src=\"https:\/\/gardmenn.is\/wp-content\/uploads\/2013\/07\/221-150x150.jpg\" class=\"attachment-thumbnail size-thumbnail\" alt=\"\" loading=\"lazy\" \/><\/a>\n\t\t\t<\/dt><\/dl><dl class='gallery-item'>\n\t\t\t<dt class='gallery-icon landscape'>\n\t\t\t\t<a href='https:\/\/gardmenn.is\/?attachment_id=178'><img width=\"150\" height=\"150\" src=\"https:\/\/gardmenn.is\/wp-content\/uploads\/2013\/07\/226-150x150.jpg\" class=\"attachment-thumbnail size-thumbnail\" alt=\"\" loading=\"lazy\" \/><\/a>\n\t\t\t<\/dt><\/dl><br style=\"clear: both\" \/><dl class='gallery-item'>\n\t\t\t<dt class='gallery-icon landscape'>\n\t\t\t\t<a href='https:\/\/gardmenn.is\/?attachment_id=177'><img width=\"150\" height=\"150\" src=\"https:\/\/gardmenn.is\/wp-content\/uploads\/2013\/07\/158-150x150.jpg\" class=\"attachment-thumbnail size-thumbnail\" alt=\"\" loading=\"lazy\" \/><\/a>\n\t\t\t<\/dt><\/dl><dl class='gallery-item'>\n\t\t\t<dt class='gallery-icon landscape'>\n\t\t\t\t<a href='https:\/\/gardmenn.is\/?attachment_id=176'><img width=\"150\" height=\"150\" src=\"https:\/\/gardmenn.is\/wp-content\/uploads\/2013\/07\/157-150x150.jpg\" class=\"attachment-thumbnail size-thumbnail\" alt=\"\" loading=\"lazy\" \/><\/a>\n\t\t\t<\/dt><\/dl><dl class='gallery-item'>\n\t\t\t<dt class='gallery-icon landscape'>\n\t\t\t\t<a href='https:\/\/gardmenn.is\/?attachment_id=175'><img width=\"150\" height=\"150\" src=\"https:\/\/gardmenn.is\/wp-content\/uploads\/2013\/07\/156-150x150.jpg\" class=\"attachment-thumbnail size-thumbnail\" alt=\"\" loading=\"lazy\" \/><\/a>\n\t\t\t<\/dt><\/dl><br style=\"clear: both\" \/><dl class='gallery-item'>\n\t\t\t<dt class='gallery-icon landscape'>\n\t\t\t\t<a href='https:\/\/gardmenn.is\/?attachment_id=174'><img width=\"150\" height=\"150\" src=\"https:\/\/gardmenn.is\/wp-content\/uploads\/2013\/07\/155-150x150.jpg\" class=\"attachment-thumbnail size-thumbnail\" alt=\"\" loading=\"lazy\" \/><\/a>\n\t\t\t<\/dt><\/dl><dl class='gallery-item'>\n\t\t\t<dt class='gallery-icon landscape'>\n\t\t\t\t<a href='https:\/\/gardmenn.is\/?attachment_id=173'><img width=\"150\" height=\"150\" src=\"https:\/\/gardmenn.is\/wp-content\/uploads\/2013\/07\/151-150x150.jpg\" class=\"attachment-thumbnail size-thumbnail\" alt=\"\" loading=\"lazy\" \/><\/a>\n\t\t\t<\/dt><\/dl><dl class='gallery-item'>\n\t\t\t<dt class='gallery-icon landscape'>\n\t\t\t\t<a href='https:\/\/gardmenn.is\/?attachment_id=172'><img width=\"150\" height=\"150\" src=\"https:\/\/gardmenn.is\/wp-content\/uploads\/2013\/07\/149-150x150.jpg\" class=\"attachment-thumbnail size-thumbnail\" alt=\"\" loading=\"lazy\" \/><\/a>\n\t\t\t<\/dt><\/dl><br style=\"clear: both\" \/>\n\t\t<\/div>\n\n","protected":false},"excerpt":{"rendered":"<p>\u00deegar Gar\u00f0menn m\u00e6ttu a\u00f0 Beykisk\u00f3gum 4 \u00e1 Akranesi var veri\u00f0 a\u00f0 leggja lokah\u00f6nd \u00e1 byggingu ra\u00f0h\u00fasalengjunnar og l\u00f3\u00f0in a\u00f0eins gr\u00f3fj\u00f6fnu\u00f0. Eigendur h\u00fassins voru b\u00fanir a\u00f0 l\u00e1ta teikna upp l\u00f3\u00f0ina. \u00c1kve\u00f0i\u00f0 var a\u00f0 allt timburverk \u00ed l\u00f3\u00f0inni yr\u00f0i \u00far har\u00f0vi\u00f0. Hellur og kantsteinar voru fr\u00e1 BM Vall\u00e1. Eins og sj\u00e1 m\u00e1 \u00feurfti a\u00f0 jar\u00f0vegskipta n\u00e6r alla [&hellip;]<\/p>\n","protected":false},"author":1,"featured_media":0,"parent":38,"menu_order":0,"comment_status":"open","ping_status":"open","template":"","meta":[],"_links":{"self":[{"href":"https:\/\/gardmenn.is\/index.php?rest_route=\/wp\/v2\/pages\/121"}],"collection":[{"href":"https:\/\/gardmenn.is\/index.php?rest_route=\/wp\/v2\/pages"}],"about":[{"href":"https:\/\/gardmenn.is\/index.php?rest_route=\/wp\/v2\/types\/page"}],"author":[{"embeddable":true,"href":"https:\/\/gardmenn.is\/index.php?rest_route=\/wp\/v2\/users\/1"}],"replies":[{"embeddable":true,"href":"https:\/\/gardmenn.is\/index.php?rest_route=%2Fwp%2Fv2%2Fcomments&post=121"}],"version-history":[{"count":14,"href":"https:\/\/gardmenn.is\/index.php?rest_route=\/wp\/v2\/pages\/121\/revisions"}],"predecessor-version":[{"id":159,"href":"https:\/\/gardmenn.is\/index.php?rest_route=\/wp\/v2\/pages\/121\/revisions\/159"}],"up":[{"embeddable":true,"href":"https:\/\/gardmenn.is\/index.php?rest_route=\/wp\/v2\/pages\/38"}],"wp:attachment":[{"href":"https:\/\/gardmenn.is\/index.php?rest_route=%2Fwp%2Fv2%2Fmedia&parent=121"}],"curies":[{"name":"wp","href":"https:\/\/api.w.org\/{rel}","templated":true}]}}