{"id":48,"date":"2013-07-31T13:27:48","date_gmt":"2013-07-31T13:27:48","guid":{"rendered":"http:\/\/gardmenn.is\/wordpress\/?page_id=48"},"modified":"2013-08-12T14:40:05","modified_gmt":"2013-08-12T14:40:05","slug":"myndir","status":"publish","type":"page","link":"http:\/\/gardmenn.is\/?page_id=48","title":{"rendered":"Myndir"},"content":{"rendered":"<p><strong><span style=\"font-size: x-large;\">Fellingar<\/span><\/strong><\/p>\n<p>&nbsp;<\/p>\n\n\t\t<style type=\"text\/css\">\n\t\t\t#gallery-1 {\n\t\t\t\tmargin: auto;\n\t\t\t}\n\t\t\t#gallery-1 .gallery-item {\n\t\t\t\tfloat: left;\n\t\t\t\tmargin-top: 10px;\n\t\t\t\ttext-align: center;\n\t\t\t\twidth: 33%;\n\t\t\t}\n\t\t\t#gallery-1 img {\n\t\t\t\tborder: 2px solid #cfcfcf;\n\t\t\t}\n\t\t\t#gallery-1 .gallery-caption {\n\t\t\t\tmargin-left: 0;\n\t\t\t}\n\t\t\t\/* see gallery_shortcode() in wp-includes\/media.php *\/\n\t\t<\/style>\n\t\t<div id='gallery-1' class='gallery galleryid-48 gallery-columns-3 gallery-size-thumbnail'><dl class='gallery-item'>\n\t\t\t<dt class='gallery-icon portrait'>\n\t\t\t\t<a href='http:\/\/gardmenn.is\/?attachment_id=51'><img width=\"150\" height=\"150\" src=\"http:\/\/gardmenn.is\/wp-content\/uploads\/2013\/07\/175-150x150.jpg\" class=\"attachment-thumbnail size-thumbnail\" alt=\"\" loading=\"lazy\" \/><\/a>\n\t\t\t<\/dt><\/dl><dl class='gallery-item'>\n\t\t\t<dt class='gallery-icon portrait'>\n\t\t\t\t<a href='http:\/\/gardmenn.is\/?attachment_id=52'><img width=\"150\" height=\"150\" src=\"http:\/\/gardmenn.is\/wp-content\/uploads\/2013\/07\/176-150x150.jpg\" class=\"attachment-thumbnail size-thumbnail\" alt=\"\" loading=\"lazy\" \/><\/a>\n\t\t\t<\/dt><\/dl><dl class='gallery-item'>\n\t\t\t<dt class='gallery-icon landscape'>\n\t\t\t\t<a href='http:\/\/gardmenn.is\/?attachment_id=53'><img width=\"150\" height=\"150\" src=\"http:\/\/gardmenn.is\/wp-content\/uploads\/2013\/07\/177-150x150.jpg\" class=\"attachment-thumbnail size-thumbnail\" alt=\"\" loading=\"lazy\" \/><\/a>\n\t\t\t<\/dt><\/dl><br style=\"clear: both\" \/><dl class='gallery-item'>\n\t\t\t<dt class='gallery-icon landscape'>\n\t\t\t\t<a href='http:\/\/gardmenn.is\/?attachment_id=54'><img width=\"150\" height=\"150\" src=\"http:\/\/gardmenn.is\/wp-content\/uploads\/2013\/07\/178-150x150.jpg\" class=\"attachment-thumbnail size-thumbnail\" alt=\"\" loading=\"lazy\" \/><\/a>\n\t\t\t<\/dt><\/dl><dl class='gallery-item'>\n\t\t\t<dt class='gallery-icon portrait'>\n\t\t\t\t<a href='http:\/\/gardmenn.is\/?attachment_id=55'><img width=\"150\" height=\"150\" src=\"http:\/\/gardmenn.is\/wp-content\/uploads\/2013\/07\/179-150x150.jpg\" class=\"attachment-thumbnail size-thumbnail\" alt=\"\" loading=\"lazy\" \/><\/a>\n\t\t\t<\/dt><\/dl><dl class='gallery-item'>\n\t\t\t<dt class='gallery-icon portrait'>\n\t\t\t\t<a href='http:\/\/gardmenn.is\/?attachment_id=56'><img width=\"150\" height=\"150\" src=\"http:\/\/gardmenn.is\/wp-content\/uploads\/2013\/07\/180-150x150.jpg\" class=\"attachment-thumbnail size-thumbnail\" alt=\"\" loading=\"lazy\" \/><\/a>\n\t\t\t<\/dt><\/dl><br style=\"clear: both\" \/><dl class='gallery-item'>\n\t\t\t<dt class='gallery-icon portrait'>\n\t\t\t\t<a href='http:\/\/gardmenn.is\/?attachment_id=57'><img width=\"150\" height=\"150\" src=\"http:\/\/gardmenn.is\/wp-content\/uploads\/2013\/07\/1801-150x150.jpg\" class=\"attachment-thumbnail size-thumbnail\" alt=\"\" loading=\"lazy\" \/><\/a>\n\t\t\t<\/dt><\/dl><dl class='gallery-item'>\n\t\t\t<dt class='gallery-icon portrait'>\n\t\t\t\t<a href='http:\/\/gardmenn.is\/?attachment_id=58'><img width=\"150\" height=\"150\" src=\"http:\/\/gardmenn.is\/wp-content\/uploads\/2013\/07\/181-150x150.jpg\" class=\"attachment-thumbnail size-thumbnail\" alt=\"\" loading=\"lazy\" \/><\/a>\n\t\t\t<\/dt><\/dl><dl class='gallery-item'>\n\t\t\t<dt class='gallery-icon landscape'>\n\t\t\t\t<a href='http:\/\/gardmenn.is\/?attachment_id=67'><img width=\"150\" height=\"150\" src=\"http:\/\/gardmenn.is\/wp-content\/uploads\/2013\/07\/dsc00293-150x150.jpg\" class=\"attachment-thumbnail size-thumbnail\" alt=\"\" loading=\"lazy\" \/><\/a>\n\t\t\t<\/dt><\/dl><br style=\"clear: both\" \/><dl class='gallery-item'>\n\t\t\t<dt class='gallery-icon landscape'>\n\t\t\t\t<a href='http:\/\/gardmenn.is\/?attachment_id=66'><img width=\"150\" height=\"150\" src=\"http:\/\/gardmenn.is\/wp-content\/uploads\/2013\/07\/dsc00288-150x150.jpg\" class=\"attachment-thumbnail size-thumbnail\" alt=\"\" loading=\"lazy\" \/><\/a>\n\t\t\t<\/dt><\/dl><dl class='gallery-item'>\n\t\t\t<dt class='gallery-icon landscape'>\n\t\t\t\t<a href='http:\/\/gardmenn.is\/?attachment_id=65'><img width=\"150\" height=\"150\" src=\"http:\/\/gardmenn.is\/wp-content\/uploads\/2013\/07\/dsc00283-150x150.jpg\" class=\"attachment-thumbnail size-thumbnail\" alt=\"\" loading=\"lazy\" \/><\/a>\n\t\t\t<\/dt><\/dl><dl class='gallery-item'>\n\t\t\t<dt class='gallery-icon landscape'>\n\t\t\t\t<a href='http:\/\/gardmenn.is\/?attachment_id=64'><img width=\"150\" height=\"150\" src=\"http:\/\/gardmenn.is\/wp-content\/uploads\/2013\/07\/dsc00279-150x150.jpg\" class=\"attachment-thumbnail size-thumbnail\" alt=\"\" loading=\"lazy\" \/><\/a>\n\t\t\t<\/dt><\/dl><br style=\"clear: both\" \/><dl class='gallery-item'>\n\t\t\t<dt class='gallery-icon landscape'>\n\t\t\t\t<a href='http:\/\/gardmenn.is\/?attachment_id=63'><img width=\"150\" height=\"150\" src=\"http:\/\/gardmenn.is\/wp-content\/uploads\/2013\/07\/dsc00277-150x150.jpg\" class=\"attachment-thumbnail size-thumbnail\" alt=\"\" loading=\"lazy\" \/><\/a>\n\t\t\t<\/dt><\/dl><dl class='gallery-item'>\n\t\t\t<dt class='gallery-icon landscape'>\n\t\t\t\t<a href='http:\/\/gardmenn.is\/?attachment_id=62'><img width=\"150\" height=\"150\" src=\"http:\/\/gardmenn.is\/wp-content\/uploads\/2013\/07\/dsc00275-150x150.jpg\" class=\"attachment-thumbnail size-thumbnail\" alt=\"\" loading=\"lazy\" \/><\/a>\n\t\t\t<\/dt><\/dl><dl class='gallery-item'>\n\t\t\t<dt class='gallery-icon landscape'>\n\t\t\t\t<a href='http:\/\/gardmenn.is\/?attachment_id=61'><img width=\"150\" height=\"150\" src=\"http:\/\/gardmenn.is\/wp-content\/uploads\/2013\/07\/dsc00273-150x150.jpg\" class=\"attachment-thumbnail size-thumbnail\" alt=\"\" loading=\"lazy\" \/><\/a>\n\t\t\t<\/dt><\/dl><br style=\"clear: both\" \/><dl class='gallery-item'>\n\t\t\t<dt class='gallery-icon landscape'>\n\t\t\t\t<a href='http:\/\/gardmenn.is\/?attachment_id=60'><img width=\"150\" height=\"150\" src=\"http:\/\/gardmenn.is\/wp-content\/uploads\/2013\/07\/183-150x150.jpg\" class=\"attachment-thumbnail size-thumbnail\" alt=\"\" loading=\"lazy\" \/><\/a>\n\t\t\t<\/dt><\/dl><dl class='gallery-item'>\n\t\t\t<dt class='gallery-icon portrait'>\n\t\t\t\t<a href='http:\/\/gardmenn.is\/?attachment_id=59'><img width=\"150\" height=\"150\" src=\"http:\/\/gardmenn.is\/wp-content\/uploads\/2013\/07\/182-150x150.jpg\" class=\"attachment-thumbnail size-thumbnail\" alt=\"\" loading=\"lazy\" \/><\/a>\n\t\t\t<\/dt><\/dl><dl class='gallery-item'>\n\t\t\t<dt class='gallery-icon portrait'>\n\t\t\t\t<a href='http:\/\/gardmenn.is\/?attachment_id=68'><img width=\"150\" height=\"150\" src=\"http:\/\/gardmenn.is\/wp-content\/uploads\/2013\/07\/184-150x150.jpg\" class=\"attachment-thumbnail size-thumbnail\" alt=\"\" loading=\"lazy\" \/><\/a>\n\t\t\t<\/dt><\/dl><br style=\"clear: both\" \/><dl class='gallery-item'>\n\t\t\t<dt class='gallery-icon landscape'>\n\t\t\t\t<a href='http:\/\/gardmenn.is\/?attachment_id=69'><img width=\"150\" height=\"150\" src=\"http:\/\/gardmenn.is\/wp-content\/uploads\/2013\/07\/185-150x150.jpg\" class=\"attachment-thumbnail size-thumbnail\" alt=\"\" loading=\"lazy\" \/><\/a>\n\t\t\t<\/dt><\/dl><dl class='gallery-item'>\n\t\t\t<dt class='gallery-icon landscape'>\n\t\t\t\t<a href='http:\/\/gardmenn.is\/?attachment_id=70'><img width=\"150\" height=\"150\" src=\"http:\/\/gardmenn.is\/wp-content\/uploads\/2013\/07\/186-150x150.jpg\" class=\"attachment-thumbnail size-thumbnail\" alt=\"\" loading=\"lazy\" \/><\/a>\n\t\t\t<\/dt><\/dl><dl class='gallery-item'>\n\t\t\t<dt class='gallery-icon landscape'>\n\t\t\t\t<a href='http:\/\/gardmenn.is\/?attachment_id=71'><img width=\"150\" height=\"150\" src=\"http:\/\/gardmenn.is\/wp-content\/uploads\/2013\/07\/187-150x150.jpg\" class=\"attachment-thumbnail size-thumbnail\" alt=\"\" loading=\"lazy\" \/><\/a>\n\t\t\t<\/dt><\/dl><br style=\"clear: both\" \/><dl class='gallery-item'>\n\t\t\t<dt class='gallery-icon landscape'>\n\t\t\t\t<a href='http:\/\/gardmenn.is\/?attachment_id=72'><img width=\"150\" height=\"150\" src=\"http:\/\/gardmenn.is\/wp-content\/uploads\/2013\/07\/188-150x150.jpg\" class=\"attachment-thumbnail size-thumbnail\" alt=\"\" loading=\"lazy\" \/><\/a>\n\t\t\t<\/dt><\/dl><dl class='gallery-item'>\n\t\t\t<dt class='gallery-icon landscape'>\n\t\t\t\t<a href='http:\/\/gardmenn.is\/?attachment_id=75'><img width=\"150\" height=\"150\" src=\"http:\/\/gardmenn.is\/wp-content\/uploads\/2013\/07\/08-150x150.jpg\" class=\"attachment-thumbnail size-thumbnail\" alt=\"\" loading=\"lazy\" \/><\/a>\n\t\t\t<\/dt><\/dl><dl class='gallery-item'>\n\t\t\t<dt class='gallery-icon landscape'>\n\t\t\t\t<a href='http:\/\/gardmenn.is\/?attachment_id=76'><img width=\"150\" height=\"150\" src=\"http:\/\/gardmenn.is\/wp-content\/uploads\/2013\/07\/09-150x150.jpg\" class=\"attachment-thumbnail size-thumbnail\" alt=\"\" loading=\"lazy\" \/><\/a>\n\t\t\t<\/dt><\/dl><br style=\"clear: both\" \/><dl class='gallery-item'>\n\t\t\t<dt class='gallery-icon landscape'>\n\t\t\t\t<a href='http:\/\/gardmenn.is\/?attachment_id=77'><img width=\"150\" height=\"150\" src=\"http:\/\/gardmenn.is\/wp-content\/uploads\/2013\/07\/10-150x150.jpg\" class=\"attachment-thumbnail size-thumbnail\" alt=\"\" loading=\"lazy\" \/><\/a>\n\t\t\t<\/dt><\/dl><dl class='gallery-item'>\n\t\t\t<dt class='gallery-icon landscape'>\n\t\t\t\t<a href='http:\/\/gardmenn.is\/?attachment_id=78'><img width=\"150\" height=\"150\" src=\"http:\/\/gardmenn.is\/wp-content\/uploads\/2013\/07\/011-150x150.jpg\" class=\"attachment-thumbnail size-thumbnail\" alt=\"\" loading=\"lazy\" \/><\/a>\n\t\t\t<\/dt><\/dl><dl class='gallery-item'>\n\t\t\t<dt class='gallery-icon landscape'>\n\t\t\t\t<a href='http:\/\/gardmenn.is\/?attachment_id=89'><img width=\"150\" height=\"150\" src=\"http:\/\/gardmenn.is\/wp-content\/uploads\/2013\/07\/101-150x150.jpg\" class=\"attachment-thumbnail size-thumbnail\" alt=\"\" loading=\"lazy\" \/><\/a>\n\t\t\t<\/dt><\/dl><br style=\"clear: both\" \/><dl class='gallery-item'>\n\t\t\t<dt class='gallery-icon landscape'>\n\t\t\t\t<a href='http:\/\/gardmenn.is\/?attachment_id=88'><img width=\"150\" height=\"150\" src=\"http:\/\/gardmenn.is\/wp-content\/uploads\/2013\/07\/091-150x150.jpg\" class=\"attachment-thumbnail size-thumbnail\" alt=\"\" loading=\"lazy\" \/><\/a>\n\t\t\t<\/dt><\/dl><dl class='gallery-item'>\n\t\t\t<dt class='gallery-icon landscape'>\n\t\t\t\t<a href='http:\/\/gardmenn.is\/?attachment_id=87'><img width=\"150\" height=\"150\" src=\"http:\/\/gardmenn.is\/wp-content\/uploads\/2013\/07\/081-150x150.jpg\" class=\"attachment-thumbnail size-thumbnail\" alt=\"\" loading=\"lazy\" \/><\/a>\n\t\t\t<\/dt><\/dl><dl class='gallery-item'>\n\t\t\t<dt class='gallery-icon landscape'>\n\t\t\t\t<a href='http:\/\/gardmenn.is\/?attachment_id=84'><img width=\"150\" height=\"150\" src=\"http:\/\/gardmenn.is\/wp-content\/uploads\/2013\/07\/07-150x150.jpg\" class=\"attachment-thumbnail size-thumbnail\" alt=\"\" loading=\"lazy\" \/><\/a>\n\t\t\t<\/dt><\/dl><br style=\"clear: both\" \/><dl class='gallery-item'>\n\t\t\t<dt class='gallery-icon landscape'>\n\t\t\t\t<a href='http:\/\/gardmenn.is\/?attachment_id=83'><img width=\"150\" height=\"150\" src=\"http:\/\/gardmenn.is\/wp-content\/uploads\/2013\/07\/06-150x150.jpg\" class=\"attachment-thumbnail size-thumbnail\" alt=\"\" loading=\"lazy\" \/><\/a>\n\t\t\t<\/dt><\/dl><dl class='gallery-item'>\n\t\t\t<dt class='gallery-icon landscape'>\n\t\t\t\t<a href='http:\/\/gardmenn.is\/?attachment_id=82'><img width=\"150\" height=\"150\" src=\"http:\/\/gardmenn.is\/wp-content\/uploads\/2013\/07\/05-150x150.jpg\" class=\"attachment-thumbnail size-thumbnail\" alt=\"\" loading=\"lazy\" \/><\/a>\n\t\t\t<\/dt><\/dl><dl class='gallery-item'>\n\t\t\t<dt class='gallery-icon landscape'>\n\t\t\t\t<a href='http:\/\/gardmenn.is\/?attachment_id=81'><img width=\"150\" height=\"150\" src=\"http:\/\/gardmenn.is\/wp-content\/uploads\/2013\/07\/041-150x150.jpg\" class=\"attachment-thumbnail size-thumbnail\" alt=\"\" loading=\"lazy\" \/><\/a>\n\t\t\t<\/dt><\/dl><br style=\"clear: both\" \/><dl class='gallery-item'>\n\t\t\t<dt class='gallery-icon landscape'>\n\t\t\t\t<a href='http:\/\/gardmenn.is\/?attachment_id=80'><img width=\"150\" height=\"150\" src=\"http:\/\/gardmenn.is\/wp-content\/uploads\/2013\/07\/03-150x150.jpg\" class=\"attachment-thumbnail size-thumbnail\" alt=\"\" loading=\"lazy\" \/><\/a>\n\t\t\t<\/dt><\/dl><dl class='gallery-item'>\n\t\t\t<dt class='gallery-icon landscape'>\n\t\t\t\t<a href='http:\/\/gardmenn.is\/?attachment_id=79'><img width=\"150\" height=\"150\" src=\"http:\/\/gardmenn.is\/wp-content\/uploads\/2013\/07\/021-150x150.jpg\" class=\"attachment-thumbnail size-thumbnail\" alt=\"\" loading=\"lazy\" \/><\/a>\n\t\t\t<\/dt><\/dl><dl class='gallery-item'>\n\t\t\t<dt class='gallery-icon landscape'>\n\t\t\t\t<a href='http:\/\/gardmenn.is\/?attachment_id=90'><img width=\"150\" height=\"150\" src=\"http:\/\/gardmenn.is\/wp-content\/uploads\/2013\/07\/11-150x150.jpg\" class=\"attachment-thumbnail size-thumbnail\" alt=\"\" loading=\"lazy\" \/><\/a>\n\t\t\t<\/dt><\/dl><br style=\"clear: both\" \/><dl class='gallery-item'>\n\t\t\t<dt class='gallery-icon landscape'>\n\t\t\t\t<a href='http:\/\/gardmenn.is\/?attachment_id=91'><img width=\"150\" height=\"150\" src=\"http:\/\/gardmenn.is\/wp-content\/uploads\/2013\/07\/12-150x150.jpg\" class=\"attachment-thumbnail size-thumbnail\" alt=\"\" loading=\"lazy\" aria-describedby=\"gallery-1-91\" \/><\/a>\n\t\t\t<\/dt>\n\t\t\t\t<dd class='wp-caption-text gallery-caption' id='gallery-1-91'>\n\t\t\t\tGrenitr\u00e9 forma\u00f0 me\u00f0 hj\u00e1lp k\u00f6rfub\u00edls.\n\t\t\t\t<\/dd><\/dl><dl class='gallery-item'>\n\t\t\t<dt class='gallery-icon portrait'>\n\t\t\t\t<a href='http:\/\/gardmenn.is\/?attachment_id=92'><img width=\"150\" height=\"150\" src=\"http:\/\/gardmenn.is\/wp-content\/uploads\/2013\/07\/13-150x150.jpg\" class=\"attachment-thumbnail size-thumbnail\" alt=\"\" loading=\"lazy\" \/><\/a>\n\t\t\t<\/dt><\/dl><dl class='gallery-item'>\n\t\t\t<dt class='gallery-icon portrait'>\n\t\t\t\t<a href='http:\/\/gardmenn.is\/?attachment_id=93'><img width=\"150\" height=\"150\" src=\"http:\/\/gardmenn.is\/wp-content\/uploads\/2013\/07\/14-150x150.jpg\" class=\"attachment-thumbnail size-thumbnail\" alt=\"\" loading=\"lazy\" \/><\/a>\n\t\t\t<\/dt><\/dl><br style=\"clear: both\" \/><dl class='gallery-item'>\n\t\t\t<dt class='gallery-icon landscape'>\n\t\t\t\t<a href='http:\/\/gardmenn.is\/?attachment_id=100'><img width=\"150\" height=\"150\" src=\"http:\/\/gardmenn.is\/wp-content\/uploads\/2013\/07\/071-150x150.jpg\" class=\"attachment-thumbnail size-thumbnail\" alt=\"\" loading=\"lazy\" \/><\/a>\n\t\t\t<\/dt><\/dl><dl class='gallery-item'>\n\t\t\t<dt class='gallery-icon portrait'>\n\t\t\t\t<a href='http:\/\/gardmenn.is\/?attachment_id=99'><img width=\"150\" height=\"150\" src=\"http:\/\/gardmenn.is\/wp-content\/uploads\/2013\/07\/061-150x150.jpg\" class=\"attachment-thumbnail size-thumbnail\" alt=\"\" loading=\"lazy\" aria-describedby=\"gallery-1-99\" \/><\/a>\n\t\t\t<\/dt>\n\t\t\t\t<dd class='wp-caption-text gallery-caption' id='gallery-1-99'>\n\t\t\t\tEftir\n\t\t\t\t<\/dd><\/dl><dl class='gallery-item'>\n\t\t\t<dt class='gallery-icon portrait'>\n\t\t\t\t<a href='http:\/\/gardmenn.is\/?attachment_id=98'><img width=\"150\" height=\"150\" src=\"http:\/\/gardmenn.is\/wp-content\/uploads\/2013\/07\/051-150x150.jpg\" class=\"attachment-thumbnail size-thumbnail\" alt=\"\" loading=\"lazy\" aria-describedby=\"gallery-1-98\" \/><\/a>\n\t\t\t<\/dt>\n\t\t\t\t<dd class='wp-caption-text gallery-caption' id='gallery-1-98'>\n\t\t\t\tFyrir\n\t\t\t\t<\/dd><\/dl><br style=\"clear: both\" \/><dl class='gallery-item'>\n\t\t\t<dt class='gallery-icon landscape'>\n\t\t\t\t<a href='http:\/\/gardmenn.is\/?attachment_id=97'><img width=\"150\" height=\"150\" src=\"http:\/\/gardmenn.is\/wp-content\/uploads\/2013\/07\/042-150x150.jpg\" class=\"attachment-thumbnail size-thumbnail\" alt=\"\" loading=\"lazy\" \/><\/a>\n\t\t\t<\/dt><\/dl><dl class='gallery-item'>\n\t\t\t<dt class='gallery-icon portrait'>\n\t\t\t\t<a href='http:\/\/gardmenn.is\/?attachment_id=96'><img width=\"150\" height=\"150\" src=\"http:\/\/gardmenn.is\/wp-content\/uploads\/2013\/07\/031-150x150.jpg\" class=\"attachment-thumbnail size-thumbnail\" alt=\"\" loading=\"lazy\" \/><\/a>\n\t\t\t<\/dt><\/dl><dl class='gallery-item'>\n\t\t\t<dt class='gallery-icon portrait'>\n\t\t\t\t<a href='http:\/\/gardmenn.is\/?attachment_id=95'><img width=\"150\" height=\"150\" src=\"http:\/\/gardmenn.is\/wp-content\/uploads\/2013\/07\/022-150x150.jpg\" class=\"attachment-thumbnail size-thumbnail\" alt=\"\" loading=\"lazy\" \/><\/a>\n\t\t\t<\/dt><\/dl><br style=\"clear: both\" \/><dl class='gallery-item'>\n\t\t\t<dt class='gallery-icon portrait'>\n\t\t\t\t<a href='http:\/\/gardmenn.is\/?attachment_id=94'><img width=\"150\" height=\"150\" src=\"http:\/\/gardmenn.is\/wp-content\/uploads\/2013\/07\/012-150x150.jpg\" class=\"attachment-thumbnail size-thumbnail\" alt=\"\" loading=\"lazy\" \/><\/a>\n\t\t\t<\/dt><\/dl>\n\t\t\t<br style='clear: both' \/>\n\t\t<\/div>\n\n<p>&nbsp;<\/p>\n","protected":false},"excerpt":{"rendered":"<p>Fellingar &nbsp; &nbsp;<\/p>\n","protected":false},"author":1,"featured_media":0,"parent":34,"menu_order":0,"comment_status":"open","ping_status":"open","template":"","meta":[],"_links":{"self":[{"href":"http:\/\/gardmenn.is\/index.php?rest_route=\/wp\/v2\/pages\/48"}],"collection":[{"href":"http:\/\/gardmenn.is\/index.php?rest_route=\/wp\/v2\/pages"}],"about":[{"href":"http:\/\/gardmenn.is\/index.php?rest_route=\/wp\/v2\/types\/page"}],"author":[{"embeddable":true,"href":"http:\/\/gardmenn.is\/index.php?rest_route=\/wp\/v2\/users\/1"}],"replies":[{"embeddable":true,"href":"http:\/\/gardmenn.is\/index.php?rest_route=%2Fwp%2Fv2%2Fcomments&post=48"}],"version-history":[{"count":16,"href":"http:\/\/gardmenn.is\/index.php?rest_route=\/wp\/v2\/pages\/48\/revisions"}],"predecessor-version":[{"id":50,"href":"http:\/\/gardmenn.is\/index.php?rest_route=\/wp\/v2\/pages\/48\/revisions\/50"}],"up":[{"embeddable":true,"href":"http:\/\/gardmenn.is\/index.php?rest_route=\/wp\/v2\/pages\/34"}],"wp:attachment":[{"href":"http:\/\/gardmenn.is\/index.php?rest_route=%2Fwp%2Fv2%2Fmedia&parent=48"}],"curies":[{"name":"wp","href":"https:\/\/api.w.org\/{rel}","templated":true}]}}