{"id":36,"date":"2013-07-31T11:02:53","date_gmt":"2013-07-31T11:02:53","guid":{"rendered":"http:\/\/gardmenn.is\/wordpress\/?page_id=36"},"modified":"2014-09-23T10:32:36","modified_gmt":"2014-09-23T10:32:36","slug":"tenglar","status":"publish","type":"page","link":"http:\/\/gardmenn.is\/?page_id=36","title":{"rendered":"Tenglar"},"content":{"rendered":"<p><b>Sl\u00f3\u00f0ir tengdar gar\u00f0yrkju og l\u00f3\u00f0aframkv\u00e6mdum<\/b><\/p>\n<table>\n<tbody>\n<tr>\n<td>\u00a0\u00a0\u00a0\u00a0\u00a0\u00a0\u00a0\u00a0\u00a0 <a href=\"http:\/\/gardmenn.is\/wp-content\/uploads\/2013\/07\/meistari-logo-500px1.jpg\"><img loading=\"lazy\" class=\"size-full wp-image-424 aligncenter\" alt=\"meistari-logo-500px1\" src=\"http:\/\/gardmenn.is\/wp-content\/uploads\/2013\/07\/meistari-logo-500px1.jpg\" width=\"96\" height=\"90\" \/><\/a><\/td>\n<td>\u00a0<a href=\"http:\/\/gardmenn.is\/wp-content\/uploads\/2013\/07\/lbhi_logo.png\"><img loading=\"lazy\" class=\"size-full wp-image-422 aligncenter\" alt=\"lbhi_logo\" src=\"http:\/\/gardmenn.is\/wp-content\/uploads\/2013\/07\/lbhi_logo.png\" width=\"83\" height=\"90\" \/><\/a><\/td>\n<td>\u00a0<a href=\"http:\/\/gardmenn.is\/wp-content\/uploads\/2013\/07\/logo.jpg\"><img loading=\"lazy\" class=\"size-full wp-image-423 aligncenter\" alt=\"logo\" src=\"http:\/\/gardmenn.is\/wp-content\/uploads\/2013\/07\/logo.jpg\" width=\"171\" height=\"90\" \/><\/a><\/td>\n<\/tr>\n<tr>\n<td style=\"text-align: center;\"><a href=\"http:\/\/www.meistari.is\/\">F\u00e9lag skr\u00fa\u00f0gar\u00f0yrkjumeistara<\/a><\/td>\n<td style=\"text-align: center;\"><a href=\"http:\/\/www.lbhi.is\/\">Landb\u00fana\u00f0arh\u00e1sk\u00f3li \u00cdslands<\/a><\/td>\n<td style=\"text-align: center;\"><a href=\"http:\/\/www.bmvalla.is\/\">BM Vall\u00e1<\/a><\/td>\n<\/tr>\n<tr>\n<td>\u00a0<a href=\"http:\/\/gardmenn.is\/wp-content\/uploads\/2013\/07\/header_logo.jpg\"><img loading=\"lazy\" class=\"size-full wp-image-421 aligncenter\" alt=\"header_logo\" src=\"http:\/\/gardmenn.is\/wp-content\/uploads\/2013\/07\/header_logo.jpg\" width=\"213\" height=\"90\" \/><\/a><\/td>\n<td>\u00a0<a href=\"http:\/\/gardmenn.is\/wp-content\/uploads\/2013\/07\/fila_logo1.png\"><img loading=\"lazy\" class=\"size-full wp-image-419 aligncenter\" alt=\"fila_logo1\" src=\"http:\/\/gardmenn.is\/wp-content\/uploads\/2013\/07\/fila_logo1.png\" width=\"93\" height=\"90\" \/><\/a><\/td>\n<td>\u00a0<a href=\"http:\/\/gardmenn.is\/wp-content\/uploads\/2013\/07\/gardyrkjan.jpg\"><img loading=\"lazy\" class=\"size-full wp-image-420 aligncenter\" alt=\"gardyrkjan\" src=\"http:\/\/gardmenn.is\/wp-content\/uploads\/2013\/07\/gardyrkjan.jpg\" width=\"109\" height=\"90\" \/><\/a><\/td>\n<\/tr>\n<tr>\n<td style=\"text-align: center;\"><a href=\"http:\/\/www.mork.is\/\">Gr\u00f3\u00f0rast\u00f6\u00f0in M\u00f6rk<\/a><\/td>\n<td style=\"text-align: center;\"><a href=\"http:\/\/www.fila.is\/\">F\u00e9lag \u00edslenskra landslagsarkitekta<\/a><\/td>\n<td style=\"text-align: center;\"><a href=\"http:\/\/www.gardyrkjan.is\/\">Gar\u00f0yrkja ehf<\/a><\/td>\n<\/tr>\n<\/tbody>\n<\/table>\n<p>&nbsp;<\/p>\n<p><b>\u00ddmsar skemmtilegar s\u00ed\u00f0ur<\/b><\/p>\n<ul>\n<li><a href=\"http:\/\/www.dsr.kvl.dk\/~dagmar\/jurtir\/jurtir-grunnur.html\">Skemmtileg s\u00ed\u00f0a um \u00edslenskar l\u00e6kningajurtir<\/a><\/li>\n<li><a href=\"http:\/\/www.floraislands.is\/\">Fl\u00f3ra \u00cdslands<\/a><\/li>\n<\/ul>\n<p>&nbsp;<\/p>\n<p>&nbsp;<\/p>\n","protected":false},"excerpt":{"rendered":"<p>Sl\u00f3\u00f0ir tengdar gar\u00f0yrkju og l\u00f3\u00f0aframkv\u00e6mdum \u00a0\u00a0\u00a0\u00a0\u00a0\u00a0\u00a0\u00a0\u00a0 \u00a0 \u00a0 F\u00e9lag skr\u00fa\u00f0gar\u00f0yrkjumeistara Landb\u00fana\u00f0arh\u00e1sk\u00f3li \u00cdslands BM Vall\u00e1 \u00a0 \u00a0 \u00a0 Gr\u00f3\u00f0rast\u00f6\u00f0in M\u00f6rk F\u00e9lag \u00edslenskra landslagsarkitekta Gar\u00f0yrkja ehf &nbsp; \u00ddmsar skemmtilegar s\u00ed\u00f0ur Skemmtileg s\u00ed\u00f0a um \u00edslenskar l\u00e6kningajurtir Fl\u00f3ra \u00cdslands &nbsp; &nbsp;<\/p>\n","protected":false},"author":1,"featured_media":0,"parent":0,"menu_order":0,"comment_status":"open","ping_status":"open","template":"","meta":[],"_links":{"self":[{"href":"http:\/\/gardmenn.is\/index.php?rest_route=\/wp\/v2\/pages\/36"}],"collection":[{"href":"http:\/\/gardmenn.is\/index.php?rest_route=\/wp\/v2\/pages"}],"about":[{"href":"http:\/\/gardmenn.is\/index.php?rest_route=\/wp\/v2\/types\/page"}],"author":[{"embeddable":true,"href":"http:\/\/gardmenn.is\/index.php?rest_route=\/wp\/v2\/users\/1"}],"replies":[{"embeddable":true,"href":"http:\/\/gardmenn.is\/index.php?rest_route=%2Fwp%2Fv2%2Fcomments&post=36"}],"version-history":[{"count":7,"href":"http:\/\/gardmenn.is\/index.php?rest_route=\/wp\/v2\/pages\/36\/revisions"}],"predecessor-version":[{"id":114,"href":"http:\/\/gardmenn.is\/index.php?rest_route=\/wp\/v2\/pages\/36\/revisions\/114"}],"wp:attachment":[{"href":"http:\/\/gardmenn.is\/index.php?rest_route=%2Fwp%2Fv2%2Fmedia&parent=36"}],"curies":[{"name":"wp","href":"https:\/\/api.w.org\/{rel}","templated":true}]}}