{"id":34,"date":"2013-07-31T11:02:29","date_gmt":"2013-07-31T11:02:29","guid":{"rendered":"http:\/\/gardmenn.is\/wordpress\/?page_id=34"},"modified":"2014-09-25T09:52:38","modified_gmt":"2014-09-25T09:52:38","slug":"trjaklippingar","status":"publish","type":"page","link":"http:\/\/gardmenn.is\/?page_id=34","title":{"rendered":"Trj\u00e1klippingar"},"content":{"rendered":"<p><a href=\"http:\/\/gardmenn.is\/wp-content\/uploads\/2013\/07\/klippi6.jpg\"><img loading=\"lazy\" class=\"size-full wp-image-427 alignleft\" alt=\"klippi6\" src=\"http:\/\/gardmenn.is\/wp-content\/uploads\/2013\/07\/klippi6.jpg\" width=\"289\" height=\"515\" srcset=\"http:\/\/gardmenn.is\/wp-content\/uploads\/2013\/07\/klippi6.jpg 289w, http:\/\/gardmenn.is\/wp-content\/uploads\/2013\/07\/klippi6-168x300.jpg 168w\" sizes=\"(max-width: 289px) 100vw, 289px\" \/><\/a><\/p>\n<p>Best er a\u00f0 klippa trj\u00e1gr\u00f3\u00f0ur \u00e1 veturna \u00feegar gr\u00f3\u00f0urinn er \u00ed dvala. \u00de\u00e1 er einnig betra a\u00f0 sj\u00e1 vaxtarlag trj\u00e1nna en \u00e1 sumrin \u00feegar \u00feau eru laufi skr\u00fddd.<\/p>\n<p>Best er a\u00f0 fara yfir gr\u00f3\u00f0urinn \u00e1rlega, klippa hekk og snyrta tr\u00e9 og runna.<\/p>\n<p>Gar\u00f0menn hafa fr\u00e1 stofnun fyrit\u00e6kisins lagt miki\u00f0 upp \u00far fagmennsku og g\u00f3\u00f0ri \u00fej\u00f3nustu \u00feegar kemur a\u00f0 trj\u00e1klippingum. \u00c1n\u00e6g\u00f0ir k\u00fannar er okkar augl\u00fdsing og eigum vi\u00f0 st\u00f3ran k\u00fannah\u00f3p sem hefur haldi\u00f0 trygg\u00f0 vi\u00f0 okkur \u00ed fj\u00f6lda \u00e1ra og jafnvel \u00e1ratuga.<\/p>\n<p>Vi\u00f0 sj\u00e1um um a\u00f0 hreinsa gar\u00f0inn eftir okkur og farga \u00fev\u00ed sem til fellur. \u00dea\u00f0 eina sem \u00fe\u00fa \u00fearft a\u00f0 gera er a\u00f0 hringja, og vi\u00f0 komum og sko\u00f0um gar\u00f0inn og gerum \u00fe\u00e9r tilbo\u00f0 \u00ed verki\u00f0, \u00fe\u00e9r a\u00f0 kostna\u00f0arlausu.<\/p>\n<p>Endilega smelltu \u00e1 hlekkinn &#8220;myndir&#8221; h\u00e9r til vinstri.<\/p>\n","protected":false},"excerpt":{"rendered":"<p>Best er a\u00f0 klippa trj\u00e1gr\u00f3\u00f0ur \u00e1 veturna \u00feegar gr\u00f3\u00f0urinn er \u00ed dvala. \u00de\u00e1 er einnig betra a\u00f0 sj\u00e1 vaxtarlag trj\u00e1nna en \u00e1 sumrin \u00feegar \u00feau eru laufi skr\u00fddd. Best er a\u00f0 fara yfir gr\u00f3\u00f0urinn \u00e1rlega, klippa hekk og snyrta tr\u00e9 og runna. Gar\u00f0menn hafa fr\u00e1 stofnun fyrit\u00e6kisins lagt miki\u00f0 upp \u00far fagmennsku og g\u00f3\u00f0ri \u00fej\u00f3nustu [&hellip;]<\/p>\n","protected":false},"author":1,"featured_media":0,"parent":0,"menu_order":0,"comment_status":"open","ping_status":"open","template":"","meta":[],"_links":{"self":[{"href":"http:\/\/gardmenn.is\/index.php?rest_route=\/wp\/v2\/pages\/34"}],"collection":[{"href":"http:\/\/gardmenn.is\/index.php?rest_route=\/wp\/v2\/pages"}],"about":[{"href":"http:\/\/gardmenn.is\/index.php?rest_route=\/wp\/v2\/types\/page"}],"author":[{"embeddable":true,"href":"http:\/\/gardmenn.is\/index.php?rest_route=\/wp\/v2\/users\/1"}],"replies":[{"embeddable":true,"href":"http:\/\/gardmenn.is\/index.php?rest_route=%2Fwp%2Fv2%2Fcomments&post=34"}],"version-history":[{"count":4,"href":"http:\/\/gardmenn.is\/index.php?rest_route=\/wp\/v2\/pages\/34\/revisions"}],"predecessor-version":[{"id":46,"href":"http:\/\/gardmenn.is\/index.php?rest_route=\/wp\/v2\/pages\/34\/revisions\/46"}],"wp:attachment":[{"href":"http:\/\/gardmenn.is\/index.php?rest_route=%2Fwp%2Fv2%2Fmedia&parent=34"}],"curies":[{"name":"wp","href":"https:\/\/api.w.org\/{rel}","templated":true}]}}