{"id":24,"date":"2013-07-31T10:20:37","date_gmt":"2013-07-31T10:20:37","guid":{"rendered":"http:\/\/gardmenn.is\/wordpress\/?page_id=24"},"modified":"2022-06-27T20:41:37","modified_gmt":"2022-06-27T20:41:37","slug":"starfsmenn","status":"publish","type":"page","link":"http:\/\/gardmenn.is\/?page_id=24","title":{"rendered":"Starfsmenn"},"content":{"rendered":"<p>Eigendur:<\/p>\n<ul>\n<li>J\u00f3n J\u00fal\u00edus El\u00edasson,\u00a0skr\u00fa\u00f0gar\u00f0yrkjumeistari<\/li>\n<\/ul>\n<p>A\u00f0rir starfsmenn:<\/p>\n<ul>\n<li>El\u00edas K\u00e1ri Gu\u00f0mundsson, Skr\u00fa\u00f0gar\u00f0yrkjumeistari<\/li>\n<\/ul>\n","protected":false},"excerpt":{"rendered":"<p>Eigendur: J\u00f3n J\u00fal\u00edus El\u00edasson,\u00a0skr\u00fa\u00f0gar\u00f0yrkjumeistari A\u00f0rir starfsmenn: El\u00edas K\u00e1ri Gu\u00f0mundsson, Skr\u00fa\u00f0gar\u00f0yrkjumeistari<\/p>\n","protected":false},"author":1,"featured_media":0,"parent":20,"menu_order":0,"comment_status":"open","ping_status":"open","template":"","meta":[],"_links":{"self":[{"href":"http:\/\/gardmenn.is\/index.php?rest_route=\/wp\/v2\/pages\/24"}],"collection":[{"href":"http:\/\/gardmenn.is\/index.php?rest_route=\/wp\/v2\/pages"}],"about":[{"href":"http:\/\/gardmenn.is\/index.php?rest_route=\/wp\/v2\/types\/page"}],"author":[{"embeddable":true,"href":"http:\/\/gardmenn.is\/index.php?rest_route=\/wp\/v2\/users\/1"}],"replies":[{"embeddable":true,"href":"http:\/\/gardmenn.is\/index.php?rest_route=%2Fwp%2Fv2%2Fcomments&post=24"}],"version-history":[{"count":10,"href":"http:\/\/gardmenn.is\/index.php?rest_route=\/wp\/v2\/pages\/24\/revisions"}],"predecessor-version":[{"id":440,"href":"http:\/\/gardmenn.is\/index.php?rest_route=\/wp\/v2\/pages\/24\/revisions\/440"}],"up":[{"embeddable":true,"href":"http:\/\/gardmenn.is\/index.php?rest_route=\/wp\/v2\/pages\/20"}],"wp:attachment":[{"href":"http:\/\/gardmenn.is\/index.php?rest_route=%2Fwp%2Fv2%2Fmedia&parent=24"}],"curies":[{"name":"wp","href":"https:\/\/api.w.org\/{rel}","templated":true}]}}