{"id":20,"date":"2013-07-31T09:55:37","date_gmt":"2013-07-31T09:55:37","guid":{"rendered":"http:\/\/gardmenn.is\/wordpress\/?page_id=20"},"modified":"2022-06-27T20:44:06","modified_gmt":"2022-06-27T20:44:06","slug":"fyrirtaekid","status":"publish","type":"page","link":"http:\/\/gardmenn.is\/?page_id=20","title":{"rendered":"Fyrirt\u00e6ki\u00f0"},"content":{"rendered":"<p>Gar\u00f0menn ehf. er skr\u00fa\u00f0gar\u00f0yrkjufyrirt\u00e6ki. Eigendur eru J\u00f3n J\u00fal\u00edus El\u00edasson skr\u00fa\u00f0gar\u00f0yrkumeistari og El\u00edas K\u00e1ri Gu\u00f0mundsson skr\u00fa\u00f0gar\u00f0yrkjumeistari. Fyrirt\u00e6ki\u00f0 h\u00f3f starfsemi \u00e1ri\u00f0 1989 og hefur umsvif \u00feess vaxi\u00f0 jafnt og \u00fe\u00e9tt.<\/p>\n<p>Starfsmenn Gar\u00f0manna eru a\u00f0 jafna\u00f0i um 10 en umsvif eru nokku\u00f0 \u00e1rst\u00ed\u00f0abundin.<\/p>\n<p>Fyrirt\u00e6ki\u00f0 sinnir alhli\u00f0a gar\u00f0yrkjust\u00f6rfum s.s jar\u00f0vegsvinnu, hellul\u00f6gnum, steinhle\u00f0slum, timburverki, gr\u00f3\u00f0ursetningu, trj\u00e1klippingum o.fl.<\/p>\n<p>St\u00e6rstu verkefnin eru \u00ed n\u00fdframkv\u00e6mdum svo sem vi\u00f0 leiksk\u00f3la, sk\u00f3la og sveitarf\u00e9l\u00f6g.<\/p>\n<p>Gar\u00f0menn leggja \u00e1herslu \u00e1 fagleg vinnubr\u00f6g\u00f0, vandvirkni og skj\u00f3ta \u00fej\u00f3nustu.<\/p>\n<h2>Gar\u00f0menn ehf<\/h2>\n<p><center>\u00c1lafossvegi 20<\/center><center>270 Mosfellsb\u00e6<br \/>\nS\u00edmar: 893-5788 \/864-5788<\/center><center>T\u00f6lvup\u00f3stur:\u00a0gardmenn@gardmenn.is<br \/>\n<a href=\"http:\/\/www.gardmenn.is\/\">www.gardmenn.is<\/a><\/center><\/p>\n","protected":false},"excerpt":{"rendered":"<p>Gar\u00f0menn ehf. er skr\u00fa\u00f0gar\u00f0yrkjufyrirt\u00e6ki. Eigendur eru J\u00f3n J\u00fal\u00edus El\u00edasson skr\u00fa\u00f0gar\u00f0yrkumeistari og El\u00edas K\u00e1ri Gu\u00f0mundsson skr\u00fa\u00f0gar\u00f0yrkjumeistari. Fyrirt\u00e6ki\u00f0 h\u00f3f starfsemi \u00e1ri\u00f0 1989 og hefur umsvif \u00feess vaxi\u00f0 jafnt og \u00fe\u00e9tt. Starfsmenn Gar\u00f0manna eru a\u00f0 jafna\u00f0i um 10 en umsvif eru nokku\u00f0 \u00e1rst\u00ed\u00f0abundin. Fyrirt\u00e6ki\u00f0 sinnir alhli\u00f0a gar\u00f0yrkjust\u00f6rfum s.s jar\u00f0vegsvinnu, hellul\u00f6gnum, steinhle\u00f0slum, timburverki, gr\u00f3\u00f0ursetningu, trj\u00e1klippingum o.fl. St\u00e6rstu verkefnin eru [&hellip;]<\/p>\n","protected":false},"author":1,"featured_media":0,"parent":0,"menu_order":0,"comment_status":"open","ping_status":"open","template":"","meta":[],"_links":{"self":[{"href":"http:\/\/gardmenn.is\/index.php?rest_route=\/wp\/v2\/pages\/20"}],"collection":[{"href":"http:\/\/gardmenn.is\/index.php?rest_route=\/wp\/v2\/pages"}],"about":[{"href":"http:\/\/gardmenn.is\/index.php?rest_route=\/wp\/v2\/types\/page"}],"author":[{"embeddable":true,"href":"http:\/\/gardmenn.is\/index.php?rest_route=\/wp\/v2\/users\/1"}],"replies":[{"embeddable":true,"href":"http:\/\/gardmenn.is\/index.php?rest_route=%2Fwp%2Fv2%2Fcomments&post=20"}],"version-history":[{"count":6,"href":"http:\/\/gardmenn.is\/index.php?rest_route=\/wp\/v2\/pages\/20\/revisions"}],"predecessor-version":[{"id":441,"href":"http:\/\/gardmenn.is\/index.php?rest_route=\/wp\/v2\/pages\/20\/revisions\/441"}],"wp:attachment":[{"href":"http:\/\/gardmenn.is\/index.php?rest_route=%2Fwp%2Fv2%2Fmedia&parent=20"}],"curies":[{"name":"wp","href":"https:\/\/api.w.org\/{rel}","templated":true}]}}