{"id":131,"date":"2013-07-31T14:32:26","date_gmt":"2013-07-31T14:32:26","guid":{"rendered":"http:\/\/gardmenn.is\/wordpress\/?page_id=131"},"modified":"2013-08-12T15:42:39","modified_gmt":"2013-08-12T15:42:39","slug":"akrar","status":"publish","type":"page","link":"http:\/\/gardmenn.is\/?page_id=131","title":{"rendered":"Akrar"},"content":{"rendered":"<p>Fullunnin l\u00f3\u00f0 \u00ed Gar\u00f0ab\u00e6 \u00fearfnast sm\u00e1 upplyftingar. Bekkur og grindverk \u00far Bankirai har\u00f0vi\u00f0, Gr\u00e1steinsr\u00f6nd sett vi\u00f0 \u00fatl\u00ednur l\u00f3\u00f0ar, b\u00fai\u00f0 til be\u00f0 og planta\u00f0.\n\t\t<style type=\"text\/css\">\n\t\t\t#gallery-1 {\n\t\t\t\tmargin: auto;\n\t\t\t}\n\t\t\t#gallery-1 .gallery-item {\n\t\t\t\tfloat: left;\n\t\t\t\tmargin-top: 10px;\n\t\t\t\ttext-align: center;\n\t\t\t\twidth: 33%;\n\t\t\t}\n\t\t\t#gallery-1 img {\n\t\t\t\tborder: 2px solid #cfcfcf;\n\t\t\t}\n\t\t\t#gallery-1 .gallery-caption {\n\t\t\t\tmargin-left: 0;\n\t\t\t}\n\t\t\t\/* see gallery_shortcode() in wp-includes\/media.php *\/\n\t\t<\/style>\n\t\t<div id='gallery-1' class='gallery galleryid-131 gallery-columns-3 gallery-size-thumbnail'><dl class='gallery-item'>\n\t\t\t<dt class='gallery-icon portrait'>\n\t\t\t\t<a href='http:\/\/gardmenn.is\/?attachment_id=345'><img width=\"150\" height=\"150\" src=\"http:\/\/gardmenn.is\/wp-content\/uploads\/2013\/07\/krossakur-3-150x150.jpg\" class=\"attachment-thumbnail size-thumbnail\" alt=\"\" loading=\"lazy\" \/><\/a>\n\t\t\t<\/dt><\/dl><dl class='gallery-item'>\n\t\t\t<dt class='gallery-icon landscape'>\n\t\t\t\t<a href='http:\/\/gardmenn.is\/?attachment_id=366'><img width=\"150\" height=\"150\" src=\"http:\/\/gardmenn.is\/wp-content\/uploads\/2013\/07\/krossakur-8-150x150.jpg\" class=\"attachment-thumbnail size-thumbnail\" alt=\"\" loading=\"lazy\" \/><\/a>\n\t\t\t<\/dt><\/dl><dl class='gallery-item'>\n\t\t\t<dt class='gallery-icon portrait'>\n\t\t\t\t<a href='http:\/\/gardmenn.is\/?attachment_id=365'><img width=\"150\" height=\"150\" src=\"http:\/\/gardmenn.is\/wp-content\/uploads\/2013\/07\/krossakur-20-150x150.jpg\" class=\"attachment-thumbnail size-thumbnail\" alt=\"\" loading=\"lazy\" \/><\/a>\n\t\t\t<\/dt><\/dl><br style=\"clear: both\" \/><dl class='gallery-item'>\n\t\t\t<dt class='gallery-icon landscape'>\n\t\t\t\t<a href='http:\/\/gardmenn.is\/?attachment_id=364'><img width=\"150\" height=\"150\" src=\"http:\/\/gardmenn.is\/wp-content\/uploads\/2013\/07\/krossakur-2-150x150.jpg\" class=\"attachment-thumbnail size-thumbnail\" alt=\"\" loading=\"lazy\" \/><\/a>\n\t\t\t<\/dt><\/dl><dl class='gallery-item'>\n\t\t\t<dt class='gallery-icon landscape'>\n\t\t\t\t<a href='http:\/\/gardmenn.is\/?attachment_id=363'><img width=\"150\" height=\"150\" src=\"http:\/\/gardmenn.is\/wp-content\/uploads\/2013\/07\/krossakur-10-150x150.jpg\" class=\"attachment-thumbnail size-thumbnail\" alt=\"\" loading=\"lazy\" \/><\/a>\n\t\t\t<\/dt><\/dl><dl class='gallery-item'>\n\t\t\t<dt class='gallery-icon landscape'>\n\t\t\t\t<a href='http:\/\/gardmenn.is\/?attachment_id=362'><img width=\"150\" height=\"150\" src=\"http:\/\/gardmenn.is\/wp-content\/uploads\/2013\/07\/krossakur-4-150x150.jpg\" class=\"attachment-thumbnail size-thumbnail\" alt=\"\" loading=\"lazy\" \/><\/a>\n\t\t\t<\/dt><\/dl><br style=\"clear: both\" \/><dl class='gallery-item'>\n\t\t\t<dt class='gallery-icon landscape'>\n\t\t\t\t<a href='http:\/\/gardmenn.is\/?attachment_id=361'><img width=\"150\" height=\"150\" src=\"http:\/\/gardmenn.is\/wp-content\/uploads\/2013\/07\/krossakur-150x150.jpg\" class=\"attachment-thumbnail size-thumbnail\" alt=\"\" loading=\"lazy\" \/><\/a>\n\t\t\t<\/dt><\/dl><dl class='gallery-item'>\n\t\t\t<dt class='gallery-icon landscape'>\n\t\t\t\t<a href='http:\/\/gardmenn.is\/?attachment_id=360'><img width=\"150\" height=\"150\" src=\"http:\/\/gardmenn.is\/wp-content\/uploads\/2013\/07\/krossakur-19-150x150.jpg\" class=\"attachment-thumbnail size-thumbnail\" alt=\"\" loading=\"lazy\" \/><\/a>\n\t\t\t<\/dt><\/dl><dl class='gallery-item'>\n\t\t\t<dt class='gallery-icon landscape'>\n\t\t\t\t<a href='http:\/\/gardmenn.is\/?attachment_id=359'><img width=\"150\" height=\"150\" src=\"http:\/\/gardmenn.is\/wp-content\/uploads\/2013\/07\/krossakur-22-150x150.jpg\" class=\"attachment-thumbnail size-thumbnail\" alt=\"\" loading=\"lazy\" \/><\/a>\n\t\t\t<\/dt><\/dl><br style=\"clear: both\" \/><dl class='gallery-item'>\n\t\t\t<dt class='gallery-icon landscape'>\n\t\t\t\t<a href='http:\/\/gardmenn.is\/?attachment_id=358'><img width=\"150\" height=\"150\" src=\"http:\/\/gardmenn.is\/wp-content\/uploads\/2013\/07\/krossakur-21-150x150.jpg\" class=\"attachment-thumbnail size-thumbnail\" alt=\"\" loading=\"lazy\" \/><\/a>\n\t\t\t<\/dt><\/dl><dl class='gallery-item'>\n\t\t\t<dt class='gallery-icon landscape'>\n\t\t\t\t<a href='http:\/\/gardmenn.is\/?attachment_id=357'><img width=\"150\" height=\"150\" src=\"http:\/\/gardmenn.is\/wp-content\/uploads\/2013\/07\/krossakur-6-150x150.jpg\" class=\"attachment-thumbnail size-thumbnail\" alt=\"\" loading=\"lazy\" \/><\/a>\n\t\t\t<\/dt><\/dl><dl class='gallery-item'>\n\t\t\t<dt class='gallery-icon portrait'>\n\t\t\t\t<a href='http:\/\/gardmenn.is\/?attachment_id=356'><img width=\"150\" height=\"150\" src=\"http:\/\/gardmenn.is\/wp-content\/uploads\/2013\/07\/krossakur-17-150x150.jpg\" class=\"attachment-thumbnail size-thumbnail\" alt=\"\" loading=\"lazy\" \/><\/a>\n\t\t\t<\/dt><\/dl><br style=\"clear: both\" \/><dl class='gallery-item'>\n\t\t\t<dt class='gallery-icon landscape'>\n\t\t\t\t<a href='http:\/\/gardmenn.is\/?attachment_id=355'><img width=\"150\" height=\"150\" src=\"http:\/\/gardmenn.is\/wp-content\/uploads\/2013\/07\/krossakur-14-150x150.jpg\" class=\"attachment-thumbnail size-thumbnail\" alt=\"\" loading=\"lazy\" \/><\/a>\n\t\t\t<\/dt><\/dl><dl class='gallery-item'>\n\t\t\t<dt class='gallery-icon landscape'>\n\t\t\t\t<a href='http:\/\/gardmenn.is\/?attachment_id=354'><img width=\"150\" height=\"150\" src=\"http:\/\/gardmenn.is\/wp-content\/uploads\/2013\/07\/krossakur-12-150x150.jpg\" class=\"attachment-thumbnail size-thumbnail\" alt=\"\" loading=\"lazy\" \/><\/a>\n\t\t\t<\/dt><\/dl><dl class='gallery-item'>\n\t\t\t<dt class='gallery-icon landscape'>\n\t\t\t\t<a href='http:\/\/gardmenn.is\/?attachment_id=353'><img width=\"150\" height=\"150\" src=\"http:\/\/gardmenn.is\/wp-content\/uploads\/2013\/07\/krossakur-11-150x150.jpg\" class=\"attachment-thumbnail size-thumbnail\" alt=\"\" loading=\"lazy\" \/><\/a>\n\t\t\t<\/dt><\/dl><br style=\"clear: both\" \/><dl class='gallery-item'>\n\t\t\t<dt class='gallery-icon landscape'>\n\t\t\t\t<a href='http:\/\/gardmenn.is\/?attachment_id=352'><img width=\"150\" height=\"150\" src=\"http:\/\/gardmenn.is\/wp-content\/uploads\/2013\/07\/krossakur-15-150x150.jpg\" class=\"attachment-thumbnail size-thumbnail\" alt=\"\" loading=\"lazy\" \/><\/a>\n\t\t\t<\/dt><\/dl><dl class='gallery-item'>\n\t\t\t<dt class='gallery-icon portrait'>\n\t\t\t\t<a href='http:\/\/gardmenn.is\/?attachment_id=351'><img width=\"150\" height=\"150\" src=\"http:\/\/gardmenn.is\/wp-content\/uploads\/2013\/07\/krossakur-13-150x150.jpg\" class=\"attachment-thumbnail size-thumbnail\" alt=\"\" loading=\"lazy\" \/><\/a>\n\t\t\t<\/dt><\/dl><dl class='gallery-item'>\n\t\t\t<dt class='gallery-icon landscape'>\n\t\t\t\t<a href='http:\/\/gardmenn.is\/?attachment_id=350'><img width=\"150\" height=\"150\" src=\"http:\/\/gardmenn.is\/wp-content\/uploads\/2013\/07\/krossakur-18-150x150.jpg\" class=\"attachment-thumbnail size-thumbnail\" alt=\"\" loading=\"lazy\" \/><\/a>\n\t\t\t<\/dt><\/dl><br style=\"clear: both\" \/><dl class='gallery-item'>\n\t\t\t<dt class='gallery-icon landscape'>\n\t\t\t\t<a href='http:\/\/gardmenn.is\/?attachment_id=349'><img width=\"150\" height=\"150\" src=\"http:\/\/gardmenn.is\/wp-content\/uploads\/2013\/07\/krossakur-9-150x150.jpg\" class=\"attachment-thumbnail size-thumbnail\" alt=\"\" loading=\"lazy\" \/><\/a>\n\t\t\t<\/dt><\/dl><dl class='gallery-item'>\n\t\t\t<dt class='gallery-icon landscape'>\n\t\t\t\t<a href='http:\/\/gardmenn.is\/?attachment_id=348'><img width=\"150\" height=\"150\" src=\"http:\/\/gardmenn.is\/wp-content\/uploads\/2013\/07\/krossakur-16-150x150.jpg\" class=\"attachment-thumbnail size-thumbnail\" alt=\"\" loading=\"lazy\" \/><\/a>\n\t\t\t<\/dt><\/dl><dl class='gallery-item'>\n\t\t\t<dt class='gallery-icon portrait'>\n\t\t\t\t<a href='http:\/\/gardmenn.is\/?attachment_id=347'><img width=\"150\" height=\"150\" src=\"http:\/\/gardmenn.is\/wp-content\/uploads\/2013\/07\/krossakur-7-150x150.jpg\" class=\"attachment-thumbnail size-thumbnail\" alt=\"\" loading=\"lazy\" \/><\/a>\n\t\t\t<\/dt><\/dl><br style=\"clear: both\" \/><dl class='gallery-item'>\n\t\t\t<dt class='gallery-icon landscape'>\n\t\t\t\t<a href='http:\/\/gardmenn.is\/?attachment_id=346'><img width=\"150\" height=\"150\" src=\"http:\/\/gardmenn.is\/wp-content\/uploads\/2013\/07\/krossakur-5-150x150.jpg\" class=\"attachment-thumbnail size-thumbnail\" alt=\"\" loading=\"lazy\" \/><\/a>\n\t\t\t<\/dt><\/dl>\n\t\t\t<br style='clear: both' \/>\n\t\t<\/div>\n<\/p>\n","protected":false},"excerpt":{"rendered":"<p>Fullunnin l\u00f3\u00f0 \u00ed Gar\u00f0ab\u00e6 \u00fearfnast sm\u00e1 upplyftingar. Bekkur og grindverk \u00far Bankirai har\u00f0vi\u00f0, Gr\u00e1steinsr\u00f6nd sett vi\u00f0 \u00fatl\u00ednur l\u00f3\u00f0ar, b\u00fai\u00f0 til be\u00f0 og planta\u00f0.<\/p>\n","protected":false},"author":1,"featured_media":0,"parent":38,"menu_order":0,"comment_status":"open","ping_status":"open","template":"","meta":[],"_links":{"self":[{"href":"http:\/\/gardmenn.is\/index.php?rest_route=\/wp\/v2\/pages\/131"}],"collection":[{"href":"http:\/\/gardmenn.is\/index.php?rest_route=\/wp\/v2\/pages"}],"about":[{"href":"http:\/\/gardmenn.is\/index.php?rest_route=\/wp\/v2\/types\/page"}],"author":[{"embeddable":true,"href":"http:\/\/gardmenn.is\/index.php?rest_route=\/wp\/v2\/users\/1"}],"replies":[{"embeddable":true,"href":"http:\/\/gardmenn.is\/index.php?rest_route=%2Fwp%2Fv2%2Fcomments&post=131"}],"version-history":[{"count":7,"href":"http:\/\/gardmenn.is\/index.php?rest_route=\/wp\/v2\/pages\/131\/revisions"}],"predecessor-version":[{"id":368,"href":"http:\/\/gardmenn.is\/index.php?rest_route=\/wp\/v2\/pages\/131\/revisions\/368"}],"up":[{"embeddable":true,"href":"http:\/\/gardmenn.is\/index.php?rest_route=\/wp\/v2\/pages\/38"}],"wp:attachment":[{"href":"http:\/\/gardmenn.is\/index.php?rest_route=%2Fwp%2Fv2%2Fmedia&parent=131"}],"curies":[{"name":"wp","href":"https:\/\/api.w.org\/{rel}","templated":true}]}}