{"id":129,"date":"2013-07-31T14:32:05","date_gmt":"2013-07-31T14:32:05","guid":{"rendered":"http:\/\/gardmenn.is\/wordpress\/?page_id=129"},"modified":"2013-08-12T15:40:30","modified_gmt":"2013-08-12T15:40:30","slug":"leikskolinn-gullborg","status":"publish","type":"page","link":"http:\/\/gardmenn.is\/?page_id=129","title":{"rendered":"Leiksk\u00f3linn Gullborg"},"content":{"rendered":"<p>Hvernig b\u00fdr ma\u00f0ur til \u00e1hugaver\u00f0a og fallega leiksk\u00f3lal\u00f3\u00f0 \u00e1n \u00feess a\u00f0 kosta of miklu til framkv\u00e6mdanna? Gar\u00f0menn unnu \u00feessa hugmynd \u00ed samr\u00e1\u00f0i vi\u00f0 Reykjav\u00edkurborg og leiksk\u00f3lastj\u00f3ra Gullborgar.<\/p>\n<p>&nbsp;<\/p>\n\n\t\t<style type=\"text\/css\">\n\t\t\t#gallery-1 {\n\t\t\t\tmargin: auto;\n\t\t\t}\n\t\t\t#gallery-1 .gallery-item {\n\t\t\t\tfloat: left;\n\t\t\t\tmargin-top: 10px;\n\t\t\t\ttext-align: center;\n\t\t\t\twidth: 33%;\n\t\t\t}\n\t\t\t#gallery-1 img {\n\t\t\t\tborder: 2px solid #cfcfcf;\n\t\t\t}\n\t\t\t#gallery-1 .gallery-caption {\n\t\t\t\tmargin-left: 0;\n\t\t\t}\n\t\t\t\/* see gallery_shortcode() in wp-includes\/media.php *\/\n\t\t<\/style>\n\t\t<div id='gallery-1' class='gallery galleryid-129 gallery-columns-3 gallery-size-thumbnail'><dl class='gallery-item'>\n\t\t\t<dt class='gallery-icon landscape'>\n\t\t\t\t<a href='http:\/\/gardmenn.is\/?attachment_id=321'><img width=\"150\" height=\"150\" src=\"http:\/\/gardmenn.is\/wp-content\/uploads\/2013\/07\/gull-9-150x150.jpg\" class=\"attachment-thumbnail size-thumbnail\" alt=\"\" loading=\"lazy\" \/><\/a>\n\t\t\t<\/dt><\/dl><dl class='gallery-item'>\n\t\t\t<dt class='gallery-icon landscape'>\n\t\t\t\t<a href='http:\/\/gardmenn.is\/?attachment_id=339'><img width=\"150\" height=\"150\" src=\"http:\/\/gardmenn.is\/wp-content\/uploads\/2013\/07\/gull-8-150x150.jpg\" class=\"attachment-thumbnail size-thumbnail\" alt=\"\" loading=\"lazy\" \/><\/a>\n\t\t\t<\/dt><\/dl><dl class='gallery-item'>\n\t\t\t<dt class='gallery-icon landscape'>\n\t\t\t\t<a href='http:\/\/gardmenn.is\/?attachment_id=338'><img width=\"150\" height=\"150\" src=\"http:\/\/gardmenn.is\/wp-content\/uploads\/2013\/07\/gull-2-150x150.jpg\" class=\"attachment-thumbnail size-thumbnail\" alt=\"\" loading=\"lazy\" \/><\/a>\n\t\t\t<\/dt><\/dl><br style=\"clear: both\" \/><dl class='gallery-item'>\n\t\t\t<dt class='gallery-icon landscape'>\n\t\t\t\t<a href='http:\/\/gardmenn.is\/?attachment_id=337'><img width=\"150\" height=\"150\" src=\"http:\/\/gardmenn.is\/wp-content\/uploads\/2013\/07\/gull-150x150.jpg\" class=\"attachment-thumbnail size-thumbnail\" alt=\"\" loading=\"lazy\" \/><\/a>\n\t\t\t<\/dt><\/dl><dl class='gallery-item'>\n\t\t\t<dt class='gallery-icon landscape'>\n\t\t\t\t<a href='http:\/\/gardmenn.is\/?attachment_id=336'><img width=\"150\" height=\"150\" src=\"http:\/\/gardmenn.is\/wp-content\/uploads\/2013\/07\/gull-7-150x150.jpg\" class=\"attachment-thumbnail size-thumbnail\" alt=\"\" loading=\"lazy\" \/><\/a>\n\t\t\t<\/dt><\/dl><dl class='gallery-item'>\n\t\t\t<dt class='gallery-icon landscape'>\n\t\t\t\t<a href='http:\/\/gardmenn.is\/?attachment_id=335'><img width=\"150\" height=\"150\" src=\"http:\/\/gardmenn.is\/wp-content\/uploads\/2013\/07\/gull-6-150x150.jpg\" class=\"attachment-thumbnail size-thumbnail\" alt=\"\" loading=\"lazy\" \/><\/a>\n\t\t\t<\/dt><\/dl><br style=\"clear: both\" \/><dl class='gallery-item'>\n\t\t\t<dt class='gallery-icon landscape'>\n\t\t\t\t<a href='http:\/\/gardmenn.is\/?attachment_id=334'><img width=\"150\" height=\"150\" src=\"http:\/\/gardmenn.is\/wp-content\/uploads\/2013\/07\/gull-3-150x150.jpg\" class=\"attachment-thumbnail size-thumbnail\" alt=\"\" loading=\"lazy\" \/><\/a>\n\t\t\t<\/dt><\/dl><dl class='gallery-item'>\n\t\t\t<dt class='gallery-icon landscape'>\n\t\t\t\t<a href='http:\/\/gardmenn.is\/?attachment_id=333'><img width=\"150\" height=\"150\" src=\"http:\/\/gardmenn.is\/wp-content\/uploads\/2013\/07\/gull-5-150x150.jpg\" class=\"attachment-thumbnail size-thumbnail\" alt=\"\" loading=\"lazy\" \/><\/a>\n\t\t\t<\/dt><\/dl><dl class='gallery-item'>\n\t\t\t<dt class='gallery-icon landscape'>\n\t\t\t\t<a href='http:\/\/gardmenn.is\/?attachment_id=332'><img width=\"150\" height=\"150\" src=\"http:\/\/gardmenn.is\/wp-content\/uploads\/2013\/07\/gull-4-150x150.jpg\" class=\"attachment-thumbnail size-thumbnail\" alt=\"\" loading=\"lazy\" \/><\/a>\n\t\t\t<\/dt><\/dl><br style=\"clear: both\" \/><dl class='gallery-item'>\n\t\t\t<dt class='gallery-icon landscape'>\n\t\t\t\t<a href='http:\/\/gardmenn.is\/?attachment_id=331'><img width=\"150\" height=\"150\" src=\"http:\/\/gardmenn.is\/wp-content\/uploads\/2013\/07\/gull-19-150x150.jpg\" class=\"attachment-thumbnail size-thumbnail\" alt=\"\" loading=\"lazy\" \/><\/a>\n\t\t\t<\/dt><\/dl><dl class='gallery-item'>\n\t\t\t<dt class='gallery-icon landscape'>\n\t\t\t\t<a href='http:\/\/gardmenn.is\/?attachment_id=330'><img width=\"150\" height=\"150\" src=\"http:\/\/gardmenn.is\/wp-content\/uploads\/2013\/07\/gull-18-150x150.jpg\" class=\"attachment-thumbnail size-thumbnail\" alt=\"\" loading=\"lazy\" \/><\/a>\n\t\t\t<\/dt><\/dl><dl class='gallery-item'>\n\t\t\t<dt class='gallery-icon landscape'>\n\t\t\t\t<a href='http:\/\/gardmenn.is\/?attachment_id=329'><img width=\"150\" height=\"150\" src=\"http:\/\/gardmenn.is\/wp-content\/uploads\/2013\/07\/gull-17-150x150.jpg\" class=\"attachment-thumbnail size-thumbnail\" alt=\"\" loading=\"lazy\" \/><\/a>\n\t\t\t<\/dt><\/dl><br style=\"clear: both\" \/><dl class='gallery-item'>\n\t\t\t<dt class='gallery-icon landscape'>\n\t\t\t\t<a href='http:\/\/gardmenn.is\/?attachment_id=328'><img width=\"150\" height=\"150\" src=\"http:\/\/gardmenn.is\/wp-content\/uploads\/2013\/07\/gull-16-150x150.jpg\" class=\"attachment-thumbnail size-thumbnail\" alt=\"\" loading=\"lazy\" \/><\/a>\n\t\t\t<\/dt><\/dl><dl class='gallery-item'>\n\t\t\t<dt class='gallery-icon landscape'>\n\t\t\t\t<a href='http:\/\/gardmenn.is\/?attachment_id=327'><img width=\"150\" height=\"150\" src=\"http:\/\/gardmenn.is\/wp-content\/uploads\/2013\/07\/gull-15-150x150.jpg\" class=\"attachment-thumbnail size-thumbnail\" alt=\"\" loading=\"lazy\" \/><\/a>\n\t\t\t<\/dt><\/dl><dl class='gallery-item'>\n\t\t\t<dt class='gallery-icon landscape'>\n\t\t\t\t<a href='http:\/\/gardmenn.is\/?attachment_id=326'><img width=\"150\" height=\"150\" src=\"http:\/\/gardmenn.is\/wp-content\/uploads\/2013\/07\/gull-14-150x150.jpg\" class=\"attachment-thumbnail size-thumbnail\" alt=\"\" loading=\"lazy\" \/><\/a>\n\t\t\t<\/dt><\/dl><br style=\"clear: both\" \/><dl class='gallery-item'>\n\t\t\t<dt class='gallery-icon landscape'>\n\t\t\t\t<a href='http:\/\/gardmenn.is\/?attachment_id=325'><img width=\"150\" height=\"150\" src=\"http:\/\/gardmenn.is\/wp-content\/uploads\/2013\/07\/gull-13-150x150.jpg\" class=\"attachment-thumbnail size-thumbnail\" alt=\"\" loading=\"lazy\" \/><\/a>\n\t\t\t<\/dt><\/dl><dl class='gallery-item'>\n\t\t\t<dt class='gallery-icon landscape'>\n\t\t\t\t<a href='http:\/\/gardmenn.is\/?attachment_id=324'><img width=\"150\" height=\"150\" src=\"http:\/\/gardmenn.is\/wp-content\/uploads\/2013\/07\/gull-12-150x150.jpg\" class=\"attachment-thumbnail size-thumbnail\" alt=\"\" loading=\"lazy\" \/><\/a>\n\t\t\t<\/dt><\/dl><dl class='gallery-item'>\n\t\t\t<dt class='gallery-icon landscape'>\n\t\t\t\t<a href='http:\/\/gardmenn.is\/?attachment_id=323'><img width=\"150\" height=\"150\" src=\"http:\/\/gardmenn.is\/wp-content\/uploads\/2013\/07\/gull-11-150x150.jpg\" class=\"attachment-thumbnail size-thumbnail\" alt=\"\" loading=\"lazy\" \/><\/a>\n\t\t\t<\/dt><\/dl><br style=\"clear: both\" \/><dl class='gallery-item'>\n\t\t\t<dt class='gallery-icon landscape'>\n\t\t\t\t<a href='http:\/\/gardmenn.is\/?attachment_id=322'><img width=\"150\" height=\"150\" src=\"http:\/\/gardmenn.is\/wp-content\/uploads\/2013\/07\/gull-10-150x150.jpg\" class=\"attachment-thumbnail size-thumbnail\" alt=\"\" loading=\"lazy\" \/><\/a>\n\t\t\t<\/dt><\/dl>\n\t\t\t<br style='clear: both' \/>\n\t\t<\/div>\n\n","protected":false},"excerpt":{"rendered":"<p>Hvernig b\u00fdr ma\u00f0ur til \u00e1hugaver\u00f0a og fallega leiksk\u00f3lal\u00f3\u00f0 \u00e1n \u00feess a\u00f0 kosta of miklu til framkv\u00e6mdanna? Gar\u00f0menn unnu \u00feessa hugmynd \u00ed samr\u00e1\u00f0i vi\u00f0 Reykjav\u00edkurborg og leiksk\u00f3lastj\u00f3ra Gullborgar. &nbsp;<\/p>\n","protected":false},"author":1,"featured_media":0,"parent":38,"menu_order":0,"comment_status":"open","ping_status":"open","template":"","meta":[],"_links":{"self":[{"href":"http:\/\/gardmenn.is\/index.php?rest_route=\/wp\/v2\/pages\/129"}],"collection":[{"href":"http:\/\/gardmenn.is\/index.php?rest_route=\/wp\/v2\/pages"}],"about":[{"href":"http:\/\/gardmenn.is\/index.php?rest_route=\/wp\/v2\/types\/page"}],"author":[{"embeddable":true,"href":"http:\/\/gardmenn.is\/index.php?rest_route=\/wp\/v2\/users\/1"}],"replies":[{"embeddable":true,"href":"http:\/\/gardmenn.is\/index.php?rest_route=%2Fwp%2Fv2%2Fcomments&post=129"}],"version-history":[{"count":8,"href":"http:\/\/gardmenn.is\/index.php?rest_route=\/wp\/v2\/pages\/129\/revisions"}],"predecessor-version":[{"id":385,"href":"http:\/\/gardmenn.is\/index.php?rest_route=\/wp\/v2\/pages\/129\/revisions\/385"}],"up":[{"embeddable":true,"href":"http:\/\/gardmenn.is\/index.php?rest_route=\/wp\/v2\/pages\/38"}],"wp:attachment":[{"href":"http:\/\/gardmenn.is\/index.php?rest_route=%2Fwp%2Fv2%2Fmedia&parent=129"}],"curies":[{"name":"wp","href":"https:\/\/api.w.org\/{rel}","templated":true}]}}