{"id":127,"date":"2013-07-31T14:31:40","date_gmt":"2013-07-31T14:31:40","guid":{"rendered":"http:\/\/gardmenn.is\/wordpress\/?page_id=127"},"modified":"2013-08-12T15:03:16","modified_gmt":"2013-08-12T15:03:16","slug":"ur-ymsum-verkum","status":"publish","type":"page","link":"http:\/\/gardmenn.is\/?page_id=127","title":{"rendered":"\u00dar \u00fdmsum verkum"},"content":{"rendered":"<h4>Gar\u00f0ur \u00ed Vesturb\u00e6 Reykjav\u00edkur. \u00de\u00f6kulagt me\u00f0 \u00farvalsgrasi og trj\u00e1kurl \u00ed be\u00f0.<\/h4>\n\n\t\t<style type=\"text\/css\">\n\t\t\t#gallery-1 {\n\t\t\t\tmargin: auto;\n\t\t\t}\n\t\t\t#gallery-1 .gallery-item {\n\t\t\t\tfloat: left;\n\t\t\t\tmargin-top: 10px;\n\t\t\t\ttext-align: center;\n\t\t\t\twidth: 33%;\n\t\t\t}\n\t\t\t#gallery-1 img {\n\t\t\t\tborder: 2px solid #cfcfcf;\n\t\t\t}\n\t\t\t#gallery-1 .gallery-caption {\n\t\t\t\tmargin-left: 0;\n\t\t\t}\n\t\t\t\/* see gallery_shortcode() in wp-includes\/media.php *\/\n\t\t<\/style>\n\t\t<div id='gallery-1' class='gallery galleryid-127 gallery-columns-3 gallery-size-thumbnail'><dl class='gallery-item'>\n\t\t\t<dt class='gallery-icon landscape'>\n\t\t\t\t<a href='http:\/\/gardmenn.is\/?attachment_id=290'><img width=\"150\" height=\"150\" src=\"http:\/\/gardmenn.is\/wp-content\/uploads\/2013\/07\/ein2-150x150.jpg\" class=\"attachment-thumbnail size-thumbnail\" alt=\"\" loading=\"lazy\" \/><\/a>\n\t\t\t<\/dt><\/dl><dl class='gallery-item'>\n\t\t\t<dt class='gallery-icon landscape'>\n\t\t\t\t<a href='http:\/\/gardmenn.is\/?attachment_id=294'><img width=\"150\" height=\"150\" src=\"http:\/\/gardmenn.is\/wp-content\/uploads\/2013\/07\/ein5-150x150.jpg\" class=\"attachment-thumbnail size-thumbnail\" alt=\"\" loading=\"lazy\" \/><\/a>\n\t\t\t<\/dt><\/dl><dl class='gallery-item'>\n\t\t\t<dt class='gallery-icon landscape'>\n\t\t\t\t<a href='http:\/\/gardmenn.is\/?attachment_id=293'><img width=\"150\" height=\"150\" src=\"http:\/\/gardmenn.is\/wp-content\/uploads\/2013\/07\/ein4-150x150.jpg\" class=\"attachment-thumbnail size-thumbnail\" alt=\"\" loading=\"lazy\" \/><\/a>\n\t\t\t<\/dt><\/dl><br style=\"clear: both\" \/><dl class='gallery-item'>\n\t\t\t<dt class='gallery-icon landscape'>\n\t\t\t\t<a href='http:\/\/gardmenn.is\/?attachment_id=292'><img width=\"150\" height=\"150\" src=\"http:\/\/gardmenn.is\/wp-content\/uploads\/2013\/07\/ein3-150x150.jpg\" class=\"attachment-thumbnail size-thumbnail\" alt=\"\" loading=\"lazy\" \/><\/a>\n\t\t\t<\/dt><\/dl><dl class='gallery-item'>\n\t\t\t<dt class='gallery-icon landscape'>\n\t\t\t\t<a href='http:\/\/gardmenn.is\/?attachment_id=291'><img width=\"150\" height=\"150\" src=\"http:\/\/gardmenn.is\/wp-content\/uploads\/2013\/07\/ein1-150x150.jpg\" class=\"attachment-thumbnail size-thumbnail\" alt=\"\" loading=\"lazy\" \/><\/a>\n\t\t\t<\/dt><\/dl><dl class='gallery-item'>\n\t\t\t<dt class='gallery-icon landscape'>\n\t\t\t\t<a href='http:\/\/gardmenn.is\/?attachment_id=289'><img width=\"150\" height=\"150\" src=\"http:\/\/gardmenn.is\/wp-content\/uploads\/2013\/07\/ein7-150x150.jpg\" class=\"attachment-thumbnail size-thumbnail\" alt=\"\" loading=\"lazy\" \/><\/a>\n\t\t\t<\/dt><\/dl><br style=\"clear: both\" \/><dl class='gallery-item'>\n\t\t\t<dt class='gallery-icon landscape'>\n\t\t\t\t<a href='http:\/\/gardmenn.is\/?attachment_id=288'><img width=\"150\" height=\"150\" src=\"http:\/\/gardmenn.is\/wp-content\/uploads\/2013\/07\/ein6-150x150.jpg\" class=\"attachment-thumbnail size-thumbnail\" alt=\"\" loading=\"lazy\" \/><\/a>\n\t\t\t<\/dt><\/dl>\n\t\t\t<br style='clear: both' \/>\n\t\t<\/div>\n\n<p>&nbsp;<\/p>\n<h4>Einnig \u00far Vesturb\u00e6num \u00ed Reykjav\u00edk. \u00d3sam\u00feykkt kjallara\u00edb\u00fa\u00f0 haf\u00f0i ekki n\u00e6gjanlegt r\u00fdmi undir gluggum til a\u00f0 f\u00e1 sam\u00feykki skv. reglum um brunavarnir. Vandam\u00e1li\u00f0 leyst me\u00f0 fallegri og snyrtilegri gryfju. Be\u00f0 \u00feakin me\u00f0 trj\u00e1kurli.<\/h4>\n\n\t\t<style type=\"text\/css\">\n\t\t\t#gallery-2 {\n\t\t\t\tmargin: auto;\n\t\t\t}\n\t\t\t#gallery-2 .gallery-item {\n\t\t\t\tfloat: left;\n\t\t\t\tmargin-top: 10px;\n\t\t\t\ttext-align: center;\n\t\t\t\twidth: 33%;\n\t\t\t}\n\t\t\t#gallery-2 img {\n\t\t\t\tborder: 2px solid #cfcfcf;\n\t\t\t}\n\t\t\t#gallery-2 .gallery-caption {\n\t\t\t\tmargin-left: 0;\n\t\t\t}\n\t\t\t\/* see gallery_shortcode() in wp-includes\/media.php *\/\n\t\t<\/style>\n\t\t<div id='gallery-2' class='gallery galleryid-127 gallery-columns-3 gallery-size-thumbnail'><dl class='gallery-item'>\n\t\t\t<dt class='gallery-icon landscape'>\n\t\t\t\t<a href='http:\/\/gardmenn.is\/?attachment_id=299'><img width=\"150\" height=\"150\" src=\"http:\/\/gardmenn.is\/wp-content\/uploads\/2013\/07\/gri1-150x150.jpg\" class=\"attachment-thumbnail size-thumbnail\" alt=\"\" loading=\"lazy\" \/><\/a>\n\t\t\t<\/dt><\/dl><dl class='gallery-item'>\n\t\t\t<dt class='gallery-icon landscape'>\n\t\t\t\t<a href='http:\/\/gardmenn.is\/?attachment_id=300'><img width=\"150\" height=\"150\" src=\"http:\/\/gardmenn.is\/wp-content\/uploads\/2013\/07\/gri2-150x150.jpg\" class=\"attachment-thumbnail size-thumbnail\" alt=\"\" loading=\"lazy\" \/><\/a>\n\t\t\t<\/dt><\/dl><dl class='gallery-item'>\n\t\t\t<dt class='gallery-icon landscape'>\n\t\t\t\t<a href='http:\/\/gardmenn.is\/?attachment_id=301'><img width=\"150\" height=\"150\" src=\"http:\/\/gardmenn.is\/wp-content\/uploads\/2013\/07\/gri5-150x150.jpg\" class=\"attachment-thumbnail size-thumbnail\" alt=\"\" loading=\"lazy\" \/><\/a>\n\t\t\t<\/dt><\/dl><br style=\"clear: both\" \/><dl class='gallery-item'>\n\t\t\t<dt class='gallery-icon landscape'>\n\t\t\t\t<a href='http:\/\/gardmenn.is\/?attachment_id=302'><img width=\"150\" height=\"150\" src=\"http:\/\/gardmenn.is\/wp-content\/uploads\/2013\/07\/gri4-150x150.jpg\" class=\"attachment-thumbnail size-thumbnail\" alt=\"\" loading=\"lazy\" \/><\/a>\n\t\t\t<\/dt><\/dl><dl class='gallery-item'>\n\t\t\t<dt class='gallery-icon landscape'>\n\t\t\t\t<a href='http:\/\/gardmenn.is\/?attachment_id=303'><img width=\"150\" height=\"150\" src=\"http:\/\/gardmenn.is\/wp-content\/uploads\/2013\/07\/gri3-150x150.jpg\" class=\"attachment-thumbnail size-thumbnail\" alt=\"\" loading=\"lazy\" \/><\/a>\n\t\t\t<\/dt><\/dl><dl class='gallery-item'>\n\t\t\t<dt class='gallery-icon portrait'>\n\t\t\t\t<a href='http:\/\/gardmenn.is\/?attachment_id=304'><img width=\"150\" height=\"150\" src=\"http:\/\/gardmenn.is\/wp-content\/uploads\/2013\/07\/gri6-150x150.jpg\" class=\"attachment-thumbnail size-thumbnail\" alt=\"\" loading=\"lazy\" \/><\/a>\n\t\t\t<\/dt><\/dl><br style=\"clear: both\" \/><dl class='gallery-item'>\n\t\t\t<dt class='gallery-icon landscape'>\n\t\t\t\t<a href='http:\/\/gardmenn.is\/?attachment_id=305'><img width=\"150\" height=\"150\" src=\"http:\/\/gardmenn.is\/wp-content\/uploads\/2013\/07\/gri9-150x150.jpg\" class=\"attachment-thumbnail size-thumbnail\" alt=\"\" loading=\"lazy\" \/><\/a>\n\t\t\t<\/dt><\/dl><dl class='gallery-item'>\n\t\t\t<dt class='gallery-icon landscape'>\n\t\t\t\t<a href='http:\/\/gardmenn.is\/?attachment_id=298'><img width=\"150\" height=\"150\" src=\"http:\/\/gardmenn.is\/wp-content\/uploads\/2013\/07\/gri8-150x150.jpg\" class=\"attachment-thumbnail size-thumbnail\" alt=\"\" loading=\"lazy\" \/><\/a>\n\t\t\t<\/dt><\/dl>\n\t\t\t<br style='clear: both' \/>\n\t\t<\/div>\n\n<h4>Snoturt einb\u00fdli \u00ed Mosfellsb\u00e6. Sm\u00ed\u00f0a\u00f0ur tr\u00e9pallur, hellul\u00f6g\u00f0 innkeyrsla, bakgar\u00f0ur \u00feakinn me\u00f0 m\u00f6l og st\u00f3rar stikklur, gr\u00f3\u00f0ursetning ofl.<\/h4>\n\n\t\t<style type=\"text\/css\">\n\t\t\t#gallery-3 {\n\t\t\t\tmargin: auto;\n\t\t\t}\n\t\t\t#gallery-3 .gallery-item {\n\t\t\t\tfloat: left;\n\t\t\t\tmargin-top: 10px;\n\t\t\t\ttext-align: center;\n\t\t\t\twidth: 33%;\n\t\t\t}\n\t\t\t#gallery-3 img {\n\t\t\t\tborder: 2px solid #cfcfcf;\n\t\t\t}\n\t\t\t#gallery-3 .gallery-caption {\n\t\t\t\tmargin-left: 0;\n\t\t\t}\n\t\t\t\/* see gallery_shortcode() in wp-includes\/media.php *\/\n\t\t<\/style>\n\t\t<div id='gallery-3' class='gallery galleryid-127 gallery-columns-3 gallery-size-thumbnail'><dl class='gallery-item'>\n\t\t\t<dt class='gallery-icon landscape'>\n\t\t\t\t<a href='http:\/\/gardmenn.is\/?attachment_id=315'><img width=\"150\" height=\"150\" src=\"http:\/\/gardmenn.is\/wp-content\/uploads\/2013\/07\/ak2-150x150.jpg\" class=\"attachment-thumbnail size-thumbnail\" alt=\"\" loading=\"lazy\" \/><\/a>\n\t\t\t<\/dt><\/dl><dl class='gallery-item'>\n\t\t\t<dt class='gallery-icon landscape'>\n\t\t\t\t<a href='http:\/\/gardmenn.is\/?attachment_id=314'><img width=\"150\" height=\"150\" src=\"http:\/\/gardmenn.is\/wp-content\/uploads\/2013\/07\/ak10-150x150.jpg\" class=\"attachment-thumbnail size-thumbnail\" alt=\"\" loading=\"lazy\" \/><\/a>\n\t\t\t<\/dt><\/dl><dl class='gallery-item'>\n\t\t\t<dt class='gallery-icon landscape'>\n\t\t\t\t<a href='http:\/\/gardmenn.is\/?attachment_id=313'><img width=\"150\" height=\"150\" src=\"http:\/\/gardmenn.is\/wp-content\/uploads\/2013\/07\/ak1-150x150.jpg\" class=\"attachment-thumbnail size-thumbnail\" alt=\"\" loading=\"lazy\" \/><\/a>\n\t\t\t<\/dt><\/dl><br style=\"clear: both\" \/><dl class='gallery-item'>\n\t\t\t<dt class='gallery-icon portrait'>\n\t\t\t\t<a href='http:\/\/gardmenn.is\/?attachment_id=312'><img width=\"150\" height=\"150\" src=\"http:\/\/gardmenn.is\/wp-content\/uploads\/2013\/07\/ak7-150x150.jpg\" class=\"attachment-thumbnail size-thumbnail\" alt=\"\" loading=\"lazy\" \/><\/a>\n\t\t\t<\/dt><\/dl><dl class='gallery-item'>\n\t\t\t<dt class='gallery-icon landscape'>\n\t\t\t\t<a href='http:\/\/gardmenn.is\/?attachment_id=311'><img width=\"150\" height=\"150\" src=\"http:\/\/gardmenn.is\/wp-content\/uploads\/2013\/07\/ak6-150x150.jpg\" class=\"attachment-thumbnail size-thumbnail\" alt=\"\" loading=\"lazy\" \/><\/a>\n\t\t\t<\/dt><\/dl><dl class='gallery-item'>\n\t\t\t<dt class='gallery-icon landscape'>\n\t\t\t\t<a href='http:\/\/gardmenn.is\/?attachment_id=310'><img width=\"150\" height=\"150\" src=\"http:\/\/gardmenn.is\/wp-content\/uploads\/2013\/07\/ak5-150x150.jpg\" class=\"attachment-thumbnail size-thumbnail\" alt=\"\" loading=\"lazy\" \/><\/a>\n\t\t\t<\/dt><\/dl><br style=\"clear: both\" \/><dl class='gallery-item'>\n\t\t\t<dt class='gallery-icon landscape'>\n\t\t\t\t<a href='http:\/\/gardmenn.is\/?attachment_id=309'><img width=\"150\" height=\"150\" src=\"http:\/\/gardmenn.is\/wp-content\/uploads\/2013\/07\/ak4-150x150.jpg\" class=\"attachment-thumbnail size-thumbnail\" alt=\"\" loading=\"lazy\" \/><\/a>\n\t\t\t<\/dt><\/dl><dl class='gallery-item'>\n\t\t\t<dt class='gallery-icon landscape'>\n\t\t\t\t<a href='http:\/\/gardmenn.is\/?attachment_id=308'><img width=\"150\" height=\"150\" src=\"http:\/\/gardmenn.is\/wp-content\/uploads\/2013\/07\/ak3-150x150.jpg\" class=\"attachment-thumbnail size-thumbnail\" alt=\"\" loading=\"lazy\" \/><\/a>\n\t\t\t<\/dt><\/dl>\n\t\t\t<br style='clear: both' \/>\n\t\t<\/div>\n\n","protected":false},"excerpt":{"rendered":"<p>Gar\u00f0ur \u00ed Vesturb\u00e6 Reykjav\u00edkur. \u00de\u00f6kulagt me\u00f0 \u00farvalsgrasi og trj\u00e1kurl \u00ed be\u00f0. &nbsp; Einnig \u00far Vesturb\u00e6num \u00ed Reykjav\u00edk. \u00d3sam\u00feykkt kjallara\u00edb\u00fa\u00f0 haf\u00f0i ekki n\u00e6gjanlegt r\u00fdmi undir gluggum til a\u00f0 f\u00e1 sam\u00feykki skv. reglum um brunavarnir. Vandam\u00e1li\u00f0 leyst me\u00f0 fallegri og snyrtilegri gryfju. Be\u00f0 \u00feakin me\u00f0 trj\u00e1kurli. Snoturt einb\u00fdli \u00ed Mosfellsb\u00e6. Sm\u00ed\u00f0a\u00f0ur tr\u00e9pallur, hellul\u00f6g\u00f0 innkeyrsla, bakgar\u00f0ur \u00feakinn me\u00f0 [&hellip;]<\/p>\n","protected":false},"author":1,"featured_media":0,"parent":38,"menu_order":0,"comment_status":"open","ping_status":"open","template":"","meta":[],"_links":{"self":[{"href":"http:\/\/gardmenn.is\/index.php?rest_route=\/wp\/v2\/pages\/127"}],"collection":[{"href":"http:\/\/gardmenn.is\/index.php?rest_route=\/wp\/v2\/pages"}],"about":[{"href":"http:\/\/gardmenn.is\/index.php?rest_route=\/wp\/v2\/types\/page"}],"author":[{"embeddable":true,"href":"http:\/\/gardmenn.is\/index.php?rest_route=\/wp\/v2\/users\/1"}],"replies":[{"embeddable":true,"href":"http:\/\/gardmenn.is\/index.php?rest_route=%2Fwp%2Fv2%2Fcomments&post=127"}],"version-history":[{"count":12,"href":"http:\/\/gardmenn.is\/index.php?rest_route=\/wp\/v2\/pages\/127\/revisions"}],"predecessor-version":[{"id":378,"href":"http:\/\/gardmenn.is\/index.php?rest_route=\/wp\/v2\/pages\/127\/revisions\/378"}],"up":[{"embeddable":true,"href":"http:\/\/gardmenn.is\/index.php?rest_route=\/wp\/v2\/pages\/38"}],"wp:attachment":[{"href":"http:\/\/gardmenn.is\/index.php?rest_route=%2Fwp%2Fv2%2Fmedia&parent=127"}],"curies":[{"name":"wp","href":"https:\/\/api.w.org\/{rel}","templated":true}]}}